{"id":15219,"date":"2024-11-29T18:29:51","date_gmt":"2024-11-29T17:29:51","guid":{"rendered":"https:\/\/stampcurio.com\/product\/1948-koltok-irok-vaogtt-50-es-tomb-enyvezes-nelkul\/"},"modified":"2025-12-05T04:07:52","modified_gmt":"2025-12-05T03:07:52","slug":"1948-magyarorszag-koltok-irok-vagott-50-es-tomb-enyvezes-nelkul","status":"publish","type":"product","link":"https:\/\/stampcurio.com\/hu\/termek\/1948-magyarorszag-koltok-irok-vagott-50-es-tomb-enyvezes-nelkul\/","title":{"rendered":"1948 Magyarorsz\u00e1g &#8211; K\u00f6lt\u0151k, \u00edr\u00f3k v\u00e1gott 50-es t\u00f6mb enyvez\u00e9s n\u00e9lk\u00fcl"},"content":{"rendered":"","protected":false},"excerpt":{"rendered":"","protected":false},"featured_media":19593,"template":"","meta":[],"product_brand":[],"product_cat":[1172],"product_tag":[1664,116,1006],"class_list":{"0":"post-15219","1":"product","2":"type-product","3":"status-publish","4":"has-post-thumbnail","6":"product_cat-magyarorszag","7":"product_tag-2nd-auction-hu","8":"product_tag-belyeg","9":"product_tag-unsold","11":"first","12":"outofstock","13":"sold-individually","14":"shipping-taxable","15":"product-type-simple"},"_links":{"self":[{"href":"https:\/\/stampcurio.com\/hu\/wp-json\/wp\/v2\/product\/15219","targetHints":{"allow":["GET"]}}],"collection":[{"href":"https:\/\/stampcurio.com\/hu\/wp-json\/wp\/v2\/product"}],"about":[{"href":"https:\/\/stampcurio.com\/hu\/wp-json\/wp\/v2\/types\/product"}],"wp:featuredmedia":[{"embeddable":true,"href":"https:\/\/stampcurio.com\/hu\/wp-json\/wp\/v2\/media\/19593"}],"wp:attachment":[{"href":"https:\/\/stampcurio.com\/hu\/wp-json\/wp\/v2\/media?parent=15219"}],"wp:term":[{"taxonomy":"product_brand","embeddable":true,"href":"https:\/\/stampcurio.com\/hu\/wp-json\/wp\/v2\/product_brand?post=15219"},{"taxonomy":"product_cat","embeddable":true,"href":"https:\/\/stampcurio.com\/hu\/wp-json\/wp\/v2\/product_cat?post=15219"},{"taxonomy":"product_tag","embeddable":true,"href":"https:\/\/stampcurio.com\/hu\/wp-json\/wp\/v2\/product_tag?post=15219"}],"curies":[{"name":"wp","href":"https:\/\/api.w.org\/{rel}","templated":true}]}}