{"id":15218,"date":"2024-11-29T18:29:51","date_gmt":"2024-11-29T17:29:51","guid":{"rendered":"https:\/\/stampcurio.com\/product\/1947-provizorikus-budapesti-helyi-okmanybelyeg-szignetta-halotti-bizonyitvanyon-varosi-illetekbelyeg-vi-kerulet-6-forint-juni-10\/"},"modified":"2025-12-05T04:07:52","modified_gmt":"2025-12-05T03:07:52","slug":"1947-magyarorszag-provizorikus-budapesti-helyi-okmanybelyeg-halotti-bizonyitvanyon","status":"publish","type":"product","link":"https:\/\/stampcurio.com\/hu\/termek\/1947-magyarorszag-provizorikus-budapesti-helyi-okmanybelyeg-halotti-bizonyitvanyon\/","title":{"rendered":"1947 Magyarorsz\u00e1g &#8211; proviz\u00f3rikus budapesti helyi okm\u00e1nyb\u00e9lyeg halotti bizony\u00edtv\u00e1nyon"},"content":{"rendered":"","protected":false},"excerpt":{"rendered":"","protected":false},"featured_media":17721,"template":"","meta":[],"product_brand":[],"product_cat":[1172],"product_tag":[1664,1301,256,1006],"class_list":{"0":"post-15218","1":"product","2":"type-product","3":"status-publish","4":"has-post-thumbnail","6":"product_cat-magyarorszag","7":"product_tag-2nd-auction-hu","8":"product_tag-illetekbelyeg","9":"product_tag-provizorium","10":"product_tag-unsold","12":"first","13":"outofstock","14":"sold-individually","15":"shipping-taxable","16":"product-type-simple"},"_links":{"self":[{"href":"https:\/\/stampcurio.com\/hu\/wp-json\/wp\/v2\/product\/15218","targetHints":{"allow":["GET"]}}],"collection":[{"href":"https:\/\/stampcurio.com\/hu\/wp-json\/wp\/v2\/product"}],"about":[{"href":"https:\/\/stampcurio.com\/hu\/wp-json\/wp\/v2\/types\/product"}],"wp:featuredmedia":[{"embeddable":true,"href":"https:\/\/stampcurio.com\/hu\/wp-json\/wp\/v2\/media\/17721"}],"wp:attachment":[{"href":"https:\/\/stampcurio.com\/hu\/wp-json\/wp\/v2\/media?parent=15218"}],"wp:term":[{"taxonomy":"product_brand","embeddable":true,"href":"https:\/\/stampcurio.com\/hu\/wp-json\/wp\/v2\/product_brand?post=15218"},{"taxonomy":"product_cat","embeddable":true,"href":"https:\/\/stampcurio.com\/hu\/wp-json\/wp\/v2\/product_cat?post=15218"},{"taxonomy":"product_tag","embeddable":true,"href":"https:\/\/stampcurio.com\/hu\/wp-json\/wp\/v2\/product_tag?post=15218"}],"curies":[{"name":"wp","href":"https:\/\/api.w.org\/{rel}","templated":true}]}}