{"id":15217,"date":"2024-11-29T18:29:51","date_gmt":"2024-11-29T17:29:51","guid":{"rendered":"https:\/\/stampcurio.com\/product\/1867-provizorikus-hirlap-illetek-szignetta-komplett-ujsagon-idok-tanuja-2-es-sorszamu-szignettaval\/"},"modified":"2025-12-05T04:07:52","modified_gmt":"2025-12-05T03:07:52","slug":"1867-idok-tanuja-komplett-ujsagon-provizorikus-hirlap-illetek-2-es-sorszamu-szignetta","status":"publish","type":"product","link":"https:\/\/stampcurio.com\/hu\/termek\/1867-idok-tanuja-komplett-ujsagon-provizorikus-hirlap-illetek-2-es-sorszamu-szignetta\/","title":{"rendered":"1867 Id\u0151k Tan\u00faja &#8211; komplett \u00fajs\u00e1gon proviz\u00f3rikus h\u00edrlap illet\u00e9k, 2-es sorsz\u00e1m\u00fa szignetta"},"content":{"rendered":"","protected":false},"excerpt":{"rendered":"","protected":false},"featured_media":19597,"template":"","meta":[],"product_brand":[],"product_cat":[1172],"product_tag":[1664,1296,282,256,1329,1006],"class_list":{"0":"post-15217","1":"product","2":"type-product","3":"status-publish","4":"has-post-thumbnail","6":"product_cat-magyarorszag","7":"product_tag-2nd-auction-hu","8":"product_tag-hirlapbelyeg","9":"product_tag-okmanybelyeg","10":"product_tag-provizorium","11":"product_tag-szignetta","12":"product_tag-unsold","14":"first","15":"outofstock","16":"sold-individually","17":"shipping-taxable","18":"product-type-simple"},"_links":{"self":[{"href":"https:\/\/stampcurio.com\/hu\/wp-json\/wp\/v2\/product\/15217","targetHints":{"allow":["GET"]}}],"collection":[{"href":"https:\/\/stampcurio.com\/hu\/wp-json\/wp\/v2\/product"}],"about":[{"href":"https:\/\/stampcurio.com\/hu\/wp-json\/wp\/v2\/types\/product"}],"wp:featuredmedia":[{"embeddable":true,"href":"https:\/\/stampcurio.com\/hu\/wp-json\/wp\/v2\/media\/19597"}],"wp:attachment":[{"href":"https:\/\/stampcurio.com\/hu\/wp-json\/wp\/v2\/media?parent=15217"}],"wp:term":[{"taxonomy":"product_brand","embeddable":true,"href":"https:\/\/stampcurio.com\/hu\/wp-json\/wp\/v2\/product_brand?post=15217"},{"taxonomy":"product_cat","embeddable":true,"href":"https:\/\/stampcurio.com\/hu\/wp-json\/wp\/v2\/product_cat?post=15217"},{"taxonomy":"product_tag","embeddable":true,"href":"https:\/\/stampcurio.com\/hu\/wp-json\/wp\/v2\/product_tag?post=15217"}],"curies":[{"name":"wp","href":"https:\/\/api.w.org\/{rel}","templated":true}]}}