{"id":15216,"date":"2024-11-29T18:29:51","date_gmt":"2024-11-29T17:29:51","guid":{"rendered":"https:\/\/stampcurio.com\/product\/1963-mukorcsolya-eb-vagott-blokk-088-haromjegyu-sorszammal-sarga-szin-jelentos-elcsuszasaval-phu-40-eur\/"},"modified":"2025-12-05T04:07:51","modified_gmt":"2025-12-05T03:07:51","slug":"1963-magyarorszag-mukorcsolya-eb-vagott-blokk-088-haromjegyu-sorszammal-sarga-szin-jelentos-elcsuszasaval-phu-40-eur","status":"publish","type":"product","link":"https:\/\/stampcurio.com\/hu\/termek\/1963-magyarorszag-mukorcsolya-eb-vagott-blokk-088-haromjegyu-sorszammal-sarga-szin-jelentos-elcsuszasaval-phu-40-eur\/","title":{"rendered":"1963 Magyarorsz\u00e1g &#8211; M\u0171korcsolya EB v\u00e1gott blokk 088 h\u00e1romjegy\u0171 sorsz\u00e1mmal, s\u00e1rga sz\u00edn jelent\u0151s elcs\u00fasz\u00e1s\u00e1val | PHu: 40 EUR"},"content":{"rendered":"","protected":false},"excerpt":{"rendered":"","protected":false},"featured_media":16847,"template":"","meta":[],"product_brand":[],"product_cat":[1172],"product_tag":[1664,116,217,1006],"class_list":{"0":"post-15216","1":"product","2":"type-product","3":"status-publish","4":"has-post-thumbnail","6":"product_cat-magyarorszag","7":"product_tag-2nd-auction-hu","8":"product_tag-belyeg","9":"product_tag-tevnyomat","10":"product_tag-unsold","12":"first","13":"outofstock","14":"sold-individually","15":"shipping-taxable","16":"product-type-simple"},"_links":{"self":[{"href":"https:\/\/stampcurio.com\/hu\/wp-json\/wp\/v2\/product\/15216","targetHints":{"allow":["GET"]}}],"collection":[{"href":"https:\/\/stampcurio.com\/hu\/wp-json\/wp\/v2\/product"}],"about":[{"href":"https:\/\/stampcurio.com\/hu\/wp-json\/wp\/v2\/types\/product"}],"wp:featuredmedia":[{"embeddable":true,"href":"https:\/\/stampcurio.com\/hu\/wp-json\/wp\/v2\/media\/16847"}],"wp:attachment":[{"href":"https:\/\/stampcurio.com\/hu\/wp-json\/wp\/v2\/media?parent=15216"}],"wp:term":[{"taxonomy":"product_brand","embeddable":true,"href":"https:\/\/stampcurio.com\/hu\/wp-json\/wp\/v2\/product_brand?post=15216"},{"taxonomy":"product_cat","embeddable":true,"href":"https:\/\/stampcurio.com\/hu\/wp-json\/wp\/v2\/product_cat?post=15216"},{"taxonomy":"product_tag","embeddable":true,"href":"https:\/\/stampcurio.com\/hu\/wp-json\/wp\/v2\/product_tag?post=15216"}],"curies":[{"name":"wp","href":"https:\/\/api.w.org\/{rel}","templated":true}]}}