{"id":15215,"date":"2024-11-29T18:29:50","date_gmt":"2024-11-29T17:29:50","guid":{"rendered":"https:\/\/stampcurio.com\/product\/lettorszag-1921-rigabol-nemetorszagba-kuldott-level-szep-darab\/"},"modified":"2025-12-05T04:07:54","modified_gmt":"2025-12-05T03:07:54","slug":"1921-lettorszag-rigabol-nemetorszagba-kuldott-cenzurazott-level-dekorativ-darab","status":"publish","type":"product","link":"https:\/\/stampcurio.com\/hu\/termek\/1921-lettorszag-rigabol-nemetorszagba-kuldott-cenzurazott-level-dekorativ-darab\/","title":{"rendered":"1921 Lettorsz\u00e1g &#8211; Rig\u00e1b\u00f3l N\u00e9metorsz\u00e1gba k\u00fcld\u00f6tt cenz\u00far\u00e1zott lev\u00e9l, dekorat\u00edv darab"},"content":{"rendered":"","protected":false},"excerpt":{"rendered":"","protected":false},"featured_media":17098,"template":"","meta":[],"product_brand":[],"product_cat":[1176,1175],"product_tag":[1664,116,233,89],"class_list":{"0":"post-15215","1":"product","2":"type-product","3":"status-publish","4":"has-post-thumbnail","6":"product_cat-lettorszag","7":"product_cat-nemetorszag","8":"product_tag-2nd-auction-hu","9":"product_tag-belyeg","10":"product_tag-cenzura","11":"product_tag-postatortenet","13":"first","14":"outofstock","15":"sold-individually","16":"shipping-taxable","17":"product-type-simple"},"_links":{"self":[{"href":"https:\/\/stampcurio.com\/hu\/wp-json\/wp\/v2\/product\/15215","targetHints":{"allow":["GET"]}}],"collection":[{"href":"https:\/\/stampcurio.com\/hu\/wp-json\/wp\/v2\/product"}],"about":[{"href":"https:\/\/stampcurio.com\/hu\/wp-json\/wp\/v2\/types\/product"}],"wp:featuredmedia":[{"embeddable":true,"href":"https:\/\/stampcurio.com\/hu\/wp-json\/wp\/v2\/media\/17098"}],"wp:attachment":[{"href":"https:\/\/stampcurio.com\/hu\/wp-json\/wp\/v2\/media?parent=15215"}],"wp:term":[{"taxonomy":"product_brand","embeddable":true,"href":"https:\/\/stampcurio.com\/hu\/wp-json\/wp\/v2\/product_brand?post=15215"},{"taxonomy":"product_cat","embeddable":true,"href":"https:\/\/stampcurio.com\/hu\/wp-json\/wp\/v2\/product_cat?post=15215"},{"taxonomy":"product_tag","embeddable":true,"href":"https:\/\/stampcurio.com\/hu\/wp-json\/wp\/v2\/product_tag?post=15215"}],"curies":[{"name":"wp","href":"https:\/\/api.w.org\/{rel}","templated":true}]}}