{"id":15214,"date":"2024-11-29T18:29:50","date_gmt":"2024-11-29T17:29:50","guid":{"rendered":"https:\/\/stampcurio.com\/product\/1955-kim-de-kim-xxx-ajanlott-level-csehszlovakia-sokadik-suly-xxx-tarifalni\/"},"modified":"2025-12-05T04:07:53","modified_gmt":"2025-12-05T03:07:53","slug":"1955-eszak-korea-csehszlovakiaba-kuldott-19-sulyfokozatu-ajanlott-level","status":"publish","type":"product","link":"https:\/\/stampcurio.com\/hu\/termek\/1955-eszak-korea-csehszlovakiaba-kuldott-19-sulyfokozatu-ajanlott-level\/","title":{"rendered":"1955 \u00c9szak-Korea &#8211; Csehszlov\u00e1ki\u00e1ba k\u00fcld\u00f6tt 19. (!) s\u00falyfokozat\u00fa aj\u00e1nlott lev\u00e9l"},"content":{"rendered":"","protected":false},"excerpt":{"rendered":"","protected":false},"featured_media":17133,"template":"","meta":[],"product_brand":[],"product_cat":[1238,1225,1189],"product_tag":[1664,116,176,89],"class_list":{"0":"post-15214","1":"product","2":"type-product","3":"status-publish","4":"has-post-thumbnail","6":"product_cat-csehorszag","7":"product_cat-eszak-korea","8":"product_cat-szlovakia","9":"product_tag-2nd-auction-hu","10":"product_tag-belyeg","11":"product_tag-philagem","12":"product_tag-postatortenet","14":"first","15":"outofstock","16":"sold-individually","17":"shipping-taxable","18":"product-type-simple"},"_links":{"self":[{"href":"https:\/\/stampcurio.com\/hu\/wp-json\/wp\/v2\/product\/15214","targetHints":{"allow":["GET"]}}],"collection":[{"href":"https:\/\/stampcurio.com\/hu\/wp-json\/wp\/v2\/product"}],"about":[{"href":"https:\/\/stampcurio.com\/hu\/wp-json\/wp\/v2\/types\/product"}],"wp:featuredmedia":[{"embeddable":true,"href":"https:\/\/stampcurio.com\/hu\/wp-json\/wp\/v2\/media\/17133"}],"wp:attachment":[{"href":"https:\/\/stampcurio.com\/hu\/wp-json\/wp\/v2\/media?parent=15214"}],"wp:term":[{"taxonomy":"product_brand","embeddable":true,"href":"https:\/\/stampcurio.com\/hu\/wp-json\/wp\/v2\/product_brand?post=15214"},{"taxonomy":"product_cat","embeddable":true,"href":"https:\/\/stampcurio.com\/hu\/wp-json\/wp\/v2\/product_cat?post=15214"},{"taxonomy":"product_tag","embeddable":true,"href":"https:\/\/stampcurio.com\/hu\/wp-json\/wp\/v2\/product_tag?post=15214"}],"curies":[{"name":"wp","href":"https:\/\/api.w.org\/{rel}","templated":true}]}}