{"id":15213,"date":"2024-11-29T18:29:50","date_gmt":"2024-11-29T17:29:50","guid":{"rendered":"https:\/\/stampcurio.com\/product\/rimaszombat-verona-1842-olaszorszagba-kuldott-belyeg-elotti-level\/"},"modified":"2025-12-05T04:07:53","modified_gmt":"2025-12-05T03:07:53","slug":"1842-magyarorszag-olaszorszagba-kuldott-belyeg-elotti-level-rimaszombat-verona","status":"publish","type":"product","link":"https:\/\/stampcurio.com\/hu\/termek\/1842-magyarorszag-olaszorszagba-kuldott-belyeg-elotti-level-rimaszombat-verona\/","title":{"rendered":"1842 Magyarorsz\u00e1g &#8211; Olaszorsz\u00e1gba k\u00fcld\u00f6tt b\u00e9lyeg el\u0151tti lev\u00e9l &#8211; Rimaszombat &#8211; Verona"},"content":{"rendered":"","protected":false},"excerpt":{"rendered":"","protected":false},"featured_media":17102,"template":"","meta":[],"product_brand":[],"product_cat":[1172,1183,1189],"product_tag":[1664,89,1631,1006,1305],"class_list":{"0":"post-15213","1":"product","2":"type-product","3":"status-publish","4":"has-post-thumbnail","6":"product_cat-magyarorszag","7":"product_cat-olaszorszag","8":"product_cat-szlovakia","9":"product_tag-2nd-auction-hu","10":"product_tag-postatortenet","11":"product_tag-pre-upu","12":"product_tag-unsold","13":"product_tag-vorphila","15":"first","16":"outofstock","17":"sold-individually","18":"shipping-taxable","19":"product-type-simple"},"_links":{"self":[{"href":"https:\/\/stampcurio.com\/hu\/wp-json\/wp\/v2\/product\/15213","targetHints":{"allow":["GET"]}}],"collection":[{"href":"https:\/\/stampcurio.com\/hu\/wp-json\/wp\/v2\/product"}],"about":[{"href":"https:\/\/stampcurio.com\/hu\/wp-json\/wp\/v2\/types\/product"}],"wp:featuredmedia":[{"embeddable":true,"href":"https:\/\/stampcurio.com\/hu\/wp-json\/wp\/v2\/media\/17102"}],"wp:attachment":[{"href":"https:\/\/stampcurio.com\/hu\/wp-json\/wp\/v2\/media?parent=15213"}],"wp:term":[{"taxonomy":"product_brand","embeddable":true,"href":"https:\/\/stampcurio.com\/hu\/wp-json\/wp\/v2\/product_brand?post=15213"},{"taxonomy":"product_cat","embeddable":true,"href":"https:\/\/stampcurio.com\/hu\/wp-json\/wp\/v2\/product_cat?post=15213"},{"taxonomy":"product_tag","embeddable":true,"href":"https:\/\/stampcurio.com\/hu\/wp-json\/wp\/v2\/product_tag?post=15213"}],"curies":[{"name":"wp","href":"https:\/\/api.w.org\/{rel}","templated":true}]}}