{"id":15211,"date":"2024-11-29T18:29:49","date_gmt":"2024-11-29T17:29:49","guid":{"rendered":"https:\/\/stampcurio.com\/product\/1909-hohe-rinne-5-heller-teljes-iv-betapadasnyomokkal\/"},"modified":"2025-12-05T04:07:54","modified_gmt":"2025-12-05T03:07:54","slug":"1909-hohe-rinne-hotelposta-5-heller-teljes-iv-betapadasnyomokkal-jakots-garanciajelzes","status":"publish","type":"product","link":"https:\/\/stampcurio.com\/hu\/termek\/1909-hohe-rinne-hotelposta-5-heller-teljes-iv-betapadasnyomokkal-jakots-garanciajelzes\/","title":{"rendered":"1909 Hohe Rinne hotelposta &#8211; 5 heller teljes \u00edv betapad\u00e1snyomokkal | Jakots garanciajelz\u00e9s"},"content":{"rendered":"","protected":false},"excerpt":{"rendered":"","protected":false},"featured_media":17129,"template":"","meta":[],"product_brand":[],"product_cat":[1172,1208],"product_tag":[1664,116,175,176,1006],"class_list":{"0":"post-15211","1":"product","2":"type-product","3":"status-publish","4":"has-post-thumbnail","6":"product_cat-magyarorszag","7":"product_cat-romania","8":"product_tag-2nd-auction-hu","9":"product_tag-belyeg","10":"product_tag-hotelposta","11":"product_tag-philagem","12":"product_tag-unsold","14":"first","15":"outofstock","16":"sold-individually","17":"shipping-taxable","18":"product-type-simple"},"_links":{"self":[{"href":"https:\/\/stampcurio.com\/hu\/wp-json\/wp\/v2\/product\/15211","targetHints":{"allow":["GET"]}}],"collection":[{"href":"https:\/\/stampcurio.com\/hu\/wp-json\/wp\/v2\/product"}],"about":[{"href":"https:\/\/stampcurio.com\/hu\/wp-json\/wp\/v2\/types\/product"}],"wp:featuredmedia":[{"embeddable":true,"href":"https:\/\/stampcurio.com\/hu\/wp-json\/wp\/v2\/media\/17129"}],"wp:attachment":[{"href":"https:\/\/stampcurio.com\/hu\/wp-json\/wp\/v2\/media?parent=15211"}],"wp:term":[{"taxonomy":"product_brand","embeddable":true,"href":"https:\/\/stampcurio.com\/hu\/wp-json\/wp\/v2\/product_brand?post=15211"},{"taxonomy":"product_cat","embeddable":true,"href":"https:\/\/stampcurio.com\/hu\/wp-json\/wp\/v2\/product_cat?post=15211"},{"taxonomy":"product_tag","embeddable":true,"href":"https:\/\/stampcurio.com\/hu\/wp-json\/wp\/v2\/product_tag?post=15211"}],"curies":[{"name":"wp","href":"https:\/\/api.w.org\/{rel}","templated":true}]}}