{"id":15210,"date":"2024-11-29T18:29:49","date_gmt":"2024-11-29T17:29:49","guid":{"rendered":"https:\/\/stampcurio.com\/product\/1871-aprilis-1868-2-kr-ujsagbelyeg-romanulu-ujsagon-komplett-ujsag-nagyszebeni-belyegzessel-okirati-belyeg\/"},"modified":"2025-12-05T04:07:54","modified_gmt":"2025-12-05T03:07:54","slug":"1871-magyarorszag-1868-2-kr-ujsagbelyeg-romanulu-komplett-ujsagon-nagyszeben-belyegzessel","status":"publish","type":"product","link":"https:\/\/stampcurio.com\/hu\/termek\/1871-magyarorszag-1868-2-kr-ujsagbelyeg-romanulu-komplett-ujsagon-nagyszeben-belyegzessel\/","title":{"rendered":"1871 Magyarorsz\u00e1g -1868 2 kr \u00fajs\u00e1gb\u00e9lyeg Romanulu komplett \u00fajs\u00e1gon NAGYSZEBEN b\u00e9lyegz\u00e9ssel"},"content":{"rendered":"","protected":false},"excerpt":{"rendered":"","protected":false},"featured_media":19583,"template":"","meta":[],"product_brand":[],"product_cat":[1172,1208],"product_tag":[1664,1296,1041,89],"class_list":{"0":"post-15210","1":"product","2":"type-product","3":"status-publish","4":"has-post-thumbnail","6":"product_cat-magyarorszag","7":"product_cat-romania","8":"product_tag-2nd-auction-hu","9":"product_tag-hirlapbelyeg","10":"product_tag-marcophily-hu","11":"product_tag-postatortenet","13":"first","14":"outofstock","15":"sold-individually","16":"shipping-taxable","17":"product-type-simple"},"_links":{"self":[{"href":"https:\/\/stampcurio.com\/hu\/wp-json\/wp\/v2\/product\/15210","targetHints":{"allow":["GET"]}}],"collection":[{"href":"https:\/\/stampcurio.com\/hu\/wp-json\/wp\/v2\/product"}],"about":[{"href":"https:\/\/stampcurio.com\/hu\/wp-json\/wp\/v2\/types\/product"}],"wp:featuredmedia":[{"embeddable":true,"href":"https:\/\/stampcurio.com\/hu\/wp-json\/wp\/v2\/media\/19583"}],"wp:attachment":[{"href":"https:\/\/stampcurio.com\/hu\/wp-json\/wp\/v2\/media?parent=15210"}],"wp:term":[{"taxonomy":"product_brand","embeddable":true,"href":"https:\/\/stampcurio.com\/hu\/wp-json\/wp\/v2\/product_brand?post=15210"},{"taxonomy":"product_cat","embeddable":true,"href":"https:\/\/stampcurio.com\/hu\/wp-json\/wp\/v2\/product_cat?post=15210"},{"taxonomy":"product_tag","embeddable":true,"href":"https:\/\/stampcurio.com\/hu\/wp-json\/wp\/v2\/product_tag?post=15210"}],"curies":[{"name":"wp","href":"https:\/\/api.w.org\/{rel}","templated":true}]}}