{"id":15209,"date":"2024-11-29T18:29:48","date_gmt":"2024-11-29T17:29:48","guid":{"rendered":"https:\/\/stampcurio.com\/product\/1991-express-utazasi-iroda-36ezer-forint-visszavetelezes-okmanybelyeggel\/"},"modified":"2025-12-05T04:07:55","modified_gmt":"2025-12-05T03:07:55","slug":"1991-magyarorszag-expressz-utazasi-iroda-36-000-forint-erteku-okmanybelyeg-visszavetelezes","status":"publish","type":"product","link":"https:\/\/stampcurio.com\/hu\/termek\/1991-magyarorszag-expressz-utazasi-iroda-36-000-forint-erteku-okmanybelyeg-visszavetelezes\/","title":{"rendered":"1991 Magyarorsz\u00e1g &#8211; Expressz Utaz\u00e1si Iroda 36.000 (!) forint \u00e9rt\u00e9k\u0171 okm\u00e1nyb\u00e9lyeg visszav\u00e9telez\u00e9s"},"content":{"rendered":"","protected":false},"excerpt":{"rendered":"","protected":false},"featured_media":17189,"template":"","meta":[],"product_brand":[],"product_cat":[1172],"product_tag":[1664,282],"class_list":{"0":"post-15209","1":"product","2":"type-product","3":"status-publish","4":"has-post-thumbnail","6":"product_cat-magyarorszag","7":"product_tag-2nd-auction-hu","8":"product_tag-okmanybelyeg","10":"first","11":"outofstock","12":"sold-individually","13":"shipping-taxable","14":"product-type-simple"},"_links":{"self":[{"href":"https:\/\/stampcurio.com\/hu\/wp-json\/wp\/v2\/product\/15209","targetHints":{"allow":["GET"]}}],"collection":[{"href":"https:\/\/stampcurio.com\/hu\/wp-json\/wp\/v2\/product"}],"about":[{"href":"https:\/\/stampcurio.com\/hu\/wp-json\/wp\/v2\/types\/product"}],"wp:featuredmedia":[{"embeddable":true,"href":"https:\/\/stampcurio.com\/hu\/wp-json\/wp\/v2\/media\/17189"}],"wp:attachment":[{"href":"https:\/\/stampcurio.com\/hu\/wp-json\/wp\/v2\/media?parent=15209"}],"wp:term":[{"taxonomy":"product_brand","embeddable":true,"href":"https:\/\/stampcurio.com\/hu\/wp-json\/wp\/v2\/product_brand?post=15209"},{"taxonomy":"product_cat","embeddable":true,"href":"https:\/\/stampcurio.com\/hu\/wp-json\/wp\/v2\/product_cat?post=15209"},{"taxonomy":"product_tag","embeddable":true,"href":"https:\/\/stampcurio.com\/hu\/wp-json\/wp\/v2\/product_tag?post=15209"}],"curies":[{"name":"wp","href":"https:\/\/api.w.org\/{rel}","templated":true}]}}