{"id":15208,"date":"2024-11-29T18:29:48","date_gmt":"2024-11-29T17:29:48","guid":{"rendered":"https:\/\/stampcurio.com\/product\/191xxx-hungaria-ketto-ballon-ballonposta\/"},"modified":"2025-12-05T04:07:55","modified_gmt":"2025-12-05T03:07:55","slug":"1923-ausztria-hungaria-ii-ballonnal-kuldott-levelezesi-lap-pukersdorfban-felveve-karl-poschner-ettermenek-gumibelyegzojevel","status":"publish","type":"product","link":"https:\/\/stampcurio.com\/hu\/termek\/1923-ausztria-hungaria-ii-ballonnal-kuldott-levelezesi-lap-pukersdorfban-felveve-karl-poschner-ettermenek-gumibelyegzojevel\/","title":{"rendered":"1923 Ausztria &#8211; Hung\u00e1ria II. ballonnal k\u00fcld\u00f6tt levelez\u00e9si lap Pukersdorfban felv\u00e9ve &#8211; Karl Poschner \u00e9tterm\u00e9nek gumib\u00e9lyegz\u0151j\u00e9vel"},"content":{"rendered":"","protected":false},"excerpt":{"rendered":"","protected":false},"featured_media":17175,"template":"","meta":[],"product_brand":[],"product_cat":[1178,1172],"product_tag":[1664,115,1041,89],"class_list":{"0":"post-15208","1":"product","2":"type-product","3":"status-publish","4":"has-post-thumbnail","6":"product_cat-ausztria","7":"product_cat-magyarorszag","8":"product_tag-2nd-auction-hu","9":"product_tag-legiposta","10":"product_tag-marcophily-hu","11":"product_tag-postatortenet","13":"first","14":"outofstock","15":"sold-individually","16":"shipping-taxable","17":"product-type-simple"},"_links":{"self":[{"href":"https:\/\/stampcurio.com\/hu\/wp-json\/wp\/v2\/product\/15208","targetHints":{"allow":["GET"]}}],"collection":[{"href":"https:\/\/stampcurio.com\/hu\/wp-json\/wp\/v2\/product"}],"about":[{"href":"https:\/\/stampcurio.com\/hu\/wp-json\/wp\/v2\/types\/product"}],"wp:featuredmedia":[{"embeddable":true,"href":"https:\/\/stampcurio.com\/hu\/wp-json\/wp\/v2\/media\/17175"}],"wp:attachment":[{"href":"https:\/\/stampcurio.com\/hu\/wp-json\/wp\/v2\/media?parent=15208"}],"wp:term":[{"taxonomy":"product_brand","embeddable":true,"href":"https:\/\/stampcurio.com\/hu\/wp-json\/wp\/v2\/product_brand?post=15208"},{"taxonomy":"product_cat","embeddable":true,"href":"https:\/\/stampcurio.com\/hu\/wp-json\/wp\/v2\/product_cat?post=15208"},{"taxonomy":"product_tag","embeddable":true,"href":"https:\/\/stampcurio.com\/hu\/wp-json\/wp\/v2\/product_tag?post=15208"}],"curies":[{"name":"wp","href":"https:\/\/api.w.org\/{rel}","templated":true}]}}