{"id":15207,"date":"2024-11-29T18:29:48","date_gmt":"2024-11-29T17:29:48","guid":{"rendered":"https:\/\/stampcurio.com\/product\/1925-budapest-sport-sor-magyar-atletika-jubileum-boritekon\/"},"modified":"2025-12-05T04:07:55","modified_gmt":"2025-12-05T03:07:55","slug":"1925-magyarorszag-sport-sor-magyar-atletika-50-eves-jubileuma-lebelyegzessel-boritekon","status":"publish","type":"product","link":"https:\/\/stampcurio.com\/hu\/termek\/1925-magyarorszag-sport-sor-magyar-atletika-50-eves-jubileuma-lebelyegzessel-boritekon\/","title":{"rendered":"1925 Magyarorsz\u00e1g &#8211; SPORT sor Magyar Atl\u00e9tika 50 \u00e9ves Jubileuma leb\u00e9lyegz\u00e9ssel bor\u00edt\u00e9kon"},"content":{"rendered":"","protected":false},"excerpt":{"rendered":"","protected":false},"featured_media":17125,"template":"","meta":[],"product_brand":[],"product_cat":[1172],"product_tag":[1664,116,1041,89,264,1006],"class_list":{"0":"post-15207","1":"product","2":"type-product","3":"status-publish","4":"has-post-thumbnail","6":"product_cat-magyarorszag","7":"product_tag-2nd-auction-hu","8":"product_tag-belyeg","9":"product_tag-marcophily-hu","10":"product_tag-postatortenet","11":"product_tag-sport","12":"product_tag-unsold","14":"first","15":"outofstock","16":"sold-individually","17":"shipping-taxable","18":"product-type-simple"},"_links":{"self":[{"href":"https:\/\/stampcurio.com\/hu\/wp-json\/wp\/v2\/product\/15207","targetHints":{"allow":["GET"]}}],"collection":[{"href":"https:\/\/stampcurio.com\/hu\/wp-json\/wp\/v2\/product"}],"about":[{"href":"https:\/\/stampcurio.com\/hu\/wp-json\/wp\/v2\/types\/product"}],"wp:featuredmedia":[{"embeddable":true,"href":"https:\/\/stampcurio.com\/hu\/wp-json\/wp\/v2\/media\/17125"}],"wp:attachment":[{"href":"https:\/\/stampcurio.com\/hu\/wp-json\/wp\/v2\/media?parent=15207"}],"wp:term":[{"taxonomy":"product_brand","embeddable":true,"href":"https:\/\/stampcurio.com\/hu\/wp-json\/wp\/v2\/product_brand?post=15207"},{"taxonomy":"product_cat","embeddable":true,"href":"https:\/\/stampcurio.com\/hu\/wp-json\/wp\/v2\/product_cat?post=15207"},{"taxonomy":"product_tag","embeddable":true,"href":"https:\/\/stampcurio.com\/hu\/wp-json\/wp\/v2\/product_tag?post=15207"}],"curies":[{"name":"wp","href":"https:\/\/api.w.org\/{rel}","templated":true}]}}