{"id":15205,"date":"2024-11-29T18:29:47","date_gmt":"2024-11-29T17:29:47","guid":{"rendered":"https:\/\/stampcurio.com\/product\/1945-szept-21-kb-perfin-belyegekkel-ritka-inflacios-kuldemeny\/"},"modified":"2025-12-05T04:07:56","modified_gmt":"2025-12-05T03:07:56","slug":"1945-magyarorszag-szeptember-21-en-feladtott-ritka-masodik-sulyu-inflacios-kuldemeny-kb-perfin-belyegekkel","status":"publish","type":"product","link":"https:\/\/stampcurio.com\/hu\/termek\/1945-magyarorszag-szeptember-21-en-feladtott-ritka-masodik-sulyu-inflacios-kuldemeny-kb-perfin-belyegekkel\/","title":{"rendered":"1945 Magyarorsz\u00e1g &#8211; Szeptember 21-\u00e9n feladtott ritka m\u00e1sodik s\u00faly\u00fa infl\u00e1ci\u00f3s k\u00fcldem\u00e9ny &#8220;KB&#8221; perfin b\u00e9lyegekkel"},"content":{"rendered":"","protected":false},"excerpt":{"rendered":"","protected":false},"featured_media":17169,"template":"","meta":[],"product_brand":[],"product_cat":[1172],"product_tag":[1664,230,89],"class_list":{"0":"post-15205","1":"product","2":"type-product","3":"status-publish","4":"has-post-thumbnail","6":"product_cat-magyarorszag","7":"product_tag-2nd-auction-hu","8":"product_tag-perfin","9":"product_tag-postatortenet","11":"first","12":"outofstock","13":"sold-individually","14":"shipping-taxable","15":"product-type-simple"},"_links":{"self":[{"href":"https:\/\/stampcurio.com\/hu\/wp-json\/wp\/v2\/product\/15205","targetHints":{"allow":["GET"]}}],"collection":[{"href":"https:\/\/stampcurio.com\/hu\/wp-json\/wp\/v2\/product"}],"about":[{"href":"https:\/\/stampcurio.com\/hu\/wp-json\/wp\/v2\/types\/product"}],"wp:featuredmedia":[{"embeddable":true,"href":"https:\/\/stampcurio.com\/hu\/wp-json\/wp\/v2\/media\/17169"}],"wp:attachment":[{"href":"https:\/\/stampcurio.com\/hu\/wp-json\/wp\/v2\/media?parent=15205"}],"wp:term":[{"taxonomy":"product_brand","embeddable":true,"href":"https:\/\/stampcurio.com\/hu\/wp-json\/wp\/v2\/product_brand?post=15205"},{"taxonomy":"product_cat","embeddable":true,"href":"https:\/\/stampcurio.com\/hu\/wp-json\/wp\/v2\/product_cat?post=15205"},{"taxonomy":"product_tag","embeddable":true,"href":"https:\/\/stampcurio.com\/hu\/wp-json\/wp\/v2\/product_tag?post=15205"}],"curies":[{"name":"wp","href":"https:\/\/api.w.org\/{rel}","templated":true}]}}