{"id":15202,"date":"2024-11-29T18:29:46","date_gmt":"2024-11-29T17:29:46","guid":{"rendered":"https:\/\/stampcurio.com\/product\/1946-juli-4-amerikaba-meno-galambos-belyegekkel\/"},"modified":"2025-12-05T04:07:56","modified_gmt":"2025-12-05T03:07:56","slug":"1946-magyarorszag-julius-4-en-amerikaba-meno-level-a-galambos-belyegekkel-bermentesitve-attest-visnyovszki","status":"publish","type":"product","link":"https:\/\/stampcurio.com\/hu\/termek\/1946-magyarorszag-julius-4-en-amerikaba-meno-level-a-galambos-belyegekkel-bermentesitve-attest-visnyovszki\/","title":{"rendered":"1946 Magyarorsz\u00e1g &#8211; j\u00falius 4-\u00e9n Amerik\u00e1ba men\u0151 lev\u00e9l a galambos b\u00e9lyegekkel b\u00e9rmentes\u00edtve | Attest: Visnyovszki"},"content":{"rendered":"","protected":false},"excerpt":{"rendered":"","protected":false},"featured_media":20817,"template":"","meta":[],"product_brand":[],"product_cat":[1204,1172],"product_tag":[1664,116,176,89,1006],"class_list":{"0":"post-15202","1":"product","2":"type-product","3":"status-publish","4":"has-post-thumbnail","6":"product_cat-amerikai-egyesult-allamok","7":"product_cat-magyarorszag","8":"product_tag-2nd-auction-hu","9":"product_tag-belyeg","10":"product_tag-philagem","11":"product_tag-postatortenet","12":"product_tag-unsold","14":"first","15":"outofstock","16":"sold-individually","17":"shipping-taxable","18":"product-type-simple"},"_links":{"self":[{"href":"https:\/\/stampcurio.com\/hu\/wp-json\/wp\/v2\/product\/15202","targetHints":{"allow":["GET"]}}],"collection":[{"href":"https:\/\/stampcurio.com\/hu\/wp-json\/wp\/v2\/product"}],"about":[{"href":"https:\/\/stampcurio.com\/hu\/wp-json\/wp\/v2\/types\/product"}],"wp:featuredmedia":[{"embeddable":true,"href":"https:\/\/stampcurio.com\/hu\/wp-json\/wp\/v2\/media\/20817"}],"wp:attachment":[{"href":"https:\/\/stampcurio.com\/hu\/wp-json\/wp\/v2\/media?parent=15202"}],"wp:term":[{"taxonomy":"product_brand","embeddable":true,"href":"https:\/\/stampcurio.com\/hu\/wp-json\/wp\/v2\/product_brand?post=15202"},{"taxonomy":"product_cat","embeddable":true,"href":"https:\/\/stampcurio.com\/hu\/wp-json\/wp\/v2\/product_cat?post=15202"},{"taxonomy":"product_tag","embeddable":true,"href":"https:\/\/stampcurio.com\/hu\/wp-json\/wp\/v2\/product_tag?post=15202"}],"curies":[{"name":"wp","href":"https:\/\/api.w.org\/{rel}","templated":true}]}}