{"id":15201,"date":"2024-11-29T18:29:46","date_gmt":"2024-11-29T17:29:46","guid":{"rendered":"https:\/\/stampcurio.com\/product\/1945-augusztus-kusegito-10f-4f-harmascsik-alapnyomat-nelkul-rrr-1-belyeg-alapnyomattal-koznapi-levelen-rendkivuli-ritkasag\/"},"modified":"2025-12-05T04:07:56","modified_gmt":"2025-12-05T03:07:56","slug":"1945-magyarorszag-kisegito-10-f-4-f-harmascsik-alapnyomat-nelkul-1-belyeg-alapnyomattal-koznapi-levelen-rendkivuli-ritkasag","status":"publish","type":"product","link":"https:\/\/stampcurio.com\/hu\/termek\/1945-magyarorszag-kisegito-10-f-4-f-harmascsik-alapnyomat-nelkul-1-belyeg-alapnyomattal-koznapi-levelen-rendkivuli-ritkasag\/","title":{"rendered":"1945 Magyarorsz\u00e1g &#8211; kiseg\u00edt\u0151 10 f \/ 4 f h\u00e1rmascs\u00edk alapnyomat n\u00e9lk\u00fcl +1 b\u00e9lyeg alapnyomattal k\u00f6znapi lev\u00e9len, rendk\u00edv\u00fcli ritkas\u00e1g"},"content":{"rendered":"","protected":false},"excerpt":{"rendered":"","protected":false},"featured_media":17141,"template":"","meta":[],"product_brand":[],"product_cat":[1172],"product_tag":[279,1664,116,176,89,217],"class_list":{"0":"post-15201","1":"product","2":"type-product","3":"status-publish","4":"has-post-thumbnail","6":"product_cat-magyarorszag","7":"product_tag-1944-45","8":"product_tag-2nd-auction-hu","9":"product_tag-belyeg","10":"product_tag-philagem","11":"product_tag-postatortenet","12":"product_tag-tevnyomat","14":"first","15":"outofstock","16":"sold-individually","17":"shipping-taxable","18":"product-type-simple"},"_links":{"self":[{"href":"https:\/\/stampcurio.com\/hu\/wp-json\/wp\/v2\/product\/15201","targetHints":{"allow":["GET"]}}],"collection":[{"href":"https:\/\/stampcurio.com\/hu\/wp-json\/wp\/v2\/product"}],"about":[{"href":"https:\/\/stampcurio.com\/hu\/wp-json\/wp\/v2\/types\/product"}],"wp:featuredmedia":[{"embeddable":true,"href":"https:\/\/stampcurio.com\/hu\/wp-json\/wp\/v2\/media\/17141"}],"wp:attachment":[{"href":"https:\/\/stampcurio.com\/hu\/wp-json\/wp\/v2\/media?parent=15201"}],"wp:term":[{"taxonomy":"product_brand","embeddable":true,"href":"https:\/\/stampcurio.com\/hu\/wp-json\/wp\/v2\/product_brand?post=15201"},{"taxonomy":"product_cat","embeddable":true,"href":"https:\/\/stampcurio.com\/hu\/wp-json\/wp\/v2\/product_cat?post=15201"},{"taxonomy":"product_tag","embeddable":true,"href":"https:\/\/stampcurio.com\/hu\/wp-json\/wp\/v2\/product_tag?post=15201"}],"curies":[{"name":"wp","href":"https:\/\/api.w.org\/{rel}","templated":true}]}}