{"id":15199,"date":"2024-11-29T18:29:45","date_gmt":"2024-11-29T17:29:45","guid":{"rendered":"https:\/\/stampcurio.com\/product\/xxx-magyar-postahivatal-kaszaper-rendkivul-ritkan-lathato-szukseg-gumibelyegzo-kezzel-rajzolt-ragjeggyel\/"},"modified":"2025-12-05T04:07:57","modified_gmt":"2025-12-05T03:07:57","slug":"1945-magyarorszag-ajanlott-level-kaszaper-budapest-a-rendkivul-ritkan-lathato-magyar-postahivatal-kaszaper-szukseg-gumibelyegzovel-es-kezzel-rajzolt-ragjeggyel","status":"publish","type":"product","link":"https:\/\/stampcurio.com\/hu\/termek\/1945-magyarorszag-ajanlott-level-kaszaper-budapest-a-rendkivul-ritkan-lathato-magyar-postahivatal-kaszaper-szukseg-gumibelyegzovel-es-kezzel-rajzolt-ragjeggyel\/","title":{"rendered":"1945 Magyarorsz\u00e1g &#8211; aj\u00e1nlott lev\u00e9l Kaszaper &#8211; Budapest, a rendk\u00edv\u00fcl ritk\u00e1n l\u00e1that\u00f3 &#8220;Magyar Postahivatal \/ Kaszaper&#8221; sz\u00fcks\u00e9g gumib\u00e9lyegz\u0151vel \u00e9s k\u00e9zzel rajzolt ragjeggyel"},"content":{"rendered":"","protected":false},"excerpt":{"rendered":"","protected":false},"featured_media":17194,"template":"","meta":[],"product_brand":[],"product_cat":[1172],"product_tag":[279,1664,1041,89,256],"class_list":{"0":"post-15199","1":"product","2":"type-product","3":"status-publish","4":"has-post-thumbnail","6":"product_cat-magyarorszag","7":"product_tag-1944-45","8":"product_tag-2nd-auction-hu","9":"product_tag-marcophily-hu","10":"product_tag-postatortenet","11":"product_tag-provizorium","13":"first","14":"outofstock","15":"sold-individually","16":"shipping-taxable","17":"product-type-simple"},"_links":{"self":[{"href":"https:\/\/stampcurio.com\/hu\/wp-json\/wp\/v2\/product\/15199","targetHints":{"allow":["GET"]}}],"collection":[{"href":"https:\/\/stampcurio.com\/hu\/wp-json\/wp\/v2\/product"}],"about":[{"href":"https:\/\/stampcurio.com\/hu\/wp-json\/wp\/v2\/types\/product"}],"wp:featuredmedia":[{"embeddable":true,"href":"https:\/\/stampcurio.com\/hu\/wp-json\/wp\/v2\/media\/17194"}],"wp:attachment":[{"href":"https:\/\/stampcurio.com\/hu\/wp-json\/wp\/v2\/media?parent=15199"}],"wp:term":[{"taxonomy":"product_brand","embeddable":true,"href":"https:\/\/stampcurio.com\/hu\/wp-json\/wp\/v2\/product_brand?post=15199"},{"taxonomy":"product_cat","embeddable":true,"href":"https:\/\/stampcurio.com\/hu\/wp-json\/wp\/v2\/product_cat?post=15199"},{"taxonomy":"product_tag","embeddable":true,"href":"https:\/\/stampcurio.com\/hu\/wp-json\/wp\/v2\/product_tag?post=15199"}],"curies":[{"name":"wp","href":"https:\/\/api.w.org\/{rel}","templated":true}]}}