{"id":15198,"date":"2024-11-29T18:29:45","date_gmt":"2024-11-29T17:29:45","guid":{"rendered":"https:\/\/stampcurio.com\/product\/1945-aug-30-bud-helyi-level-magyar-kommunista-part-tovabbitotta-belyegzovel\/"},"modified":"2025-12-05T04:07:57","modified_gmt":"2025-12-05T03:07:57","slug":"1945-magyarorszag-augusztus-30-budapest-helyi-level-a-magyar-kommunista-part-tovabbitotta-belyegzovel-portomentes-kuldemeny-hadifogoly-ugyben","status":"publish","type":"product","link":"https:\/\/stampcurio.com\/hu\/termek\/1945-magyarorszag-augusztus-30-budapest-helyi-level-a-magyar-kommunista-part-tovabbitotta-belyegzovel-portomentes-kuldemeny-hadifogoly-ugyben\/","title":{"rendered":"1945 Magyarorsz\u00e1g &#8211; augusztus 30.  Budapest helyi lev\u00e9l, a &#8220;Magyar Kommunista P\u00e1rt tov\u00e1bb\u00edtotta&#8221; b\u00e9lyegz\u0151vel, port\u00f3mentes k\u00fcldem\u00e9ny hadifogoly \u00fcgyben."},"content":{"rendered":"","protected":false},"excerpt":{"rendered":"","protected":false},"featured_media":15884,"template":"","meta":[],"product_brand":[],"product_cat":[1172],"product_tag":[279,1664,1041,108,89,1006],"class_list":{"0":"post-15198","1":"product","2":"type-product","3":"status-publish","4":"has-post-thumbnail","6":"product_cat-magyarorszag","7":"product_tag-1944-45","8":"product_tag-2nd-auction-hu","9":"product_tag-marcophily-hu","10":"product_tag-porto","11":"product_tag-postatortenet","12":"product_tag-unsold","14":"first","15":"outofstock","16":"sold-individually","17":"shipping-taxable","18":"product-type-simple"},"_links":{"self":[{"href":"https:\/\/stampcurio.com\/hu\/wp-json\/wp\/v2\/product\/15198","targetHints":{"allow":["GET"]}}],"collection":[{"href":"https:\/\/stampcurio.com\/hu\/wp-json\/wp\/v2\/product"}],"about":[{"href":"https:\/\/stampcurio.com\/hu\/wp-json\/wp\/v2\/types\/product"}],"wp:featuredmedia":[{"embeddable":true,"href":"https:\/\/stampcurio.com\/hu\/wp-json\/wp\/v2\/media\/15884"}],"wp:attachment":[{"href":"https:\/\/stampcurio.com\/hu\/wp-json\/wp\/v2\/media?parent=15198"}],"wp:term":[{"taxonomy":"product_brand","embeddable":true,"href":"https:\/\/stampcurio.com\/hu\/wp-json\/wp\/v2\/product_brand?post=15198"},{"taxonomy":"product_cat","embeddable":true,"href":"https:\/\/stampcurio.com\/hu\/wp-json\/wp\/v2\/product_cat?post=15198"},{"taxonomy":"product_tag","embeddable":true,"href":"https:\/\/stampcurio.com\/hu\/wp-json\/wp\/v2\/product_tag?post=15198"}],"curies":[{"name":"wp","href":"https:\/\/api.w.org\/{rel}","templated":true}]}}