{"id":15197,"date":"2024-11-29T18:29:45","date_gmt":"2024-11-29T17:29:45","guid":{"rendered":"https:\/\/stampcurio.com\/product\/tihany-londonba-kuldott-level-szuksegbelyeggel-1946-majus-7-ajanklott\/"},"modified":"2025-12-05T04:07:57","modified_gmt":"2025-12-05T03:07:57","slug":"1946-magyarorszag-majus-7-en-tihanybol-londonba-kuldott-ajanlott-level-53-db-belyeggel-bermentesitve","status":"publish","type":"product","link":"https:\/\/stampcurio.com\/hu\/termek\/1946-magyarorszag-majus-7-en-tihanybol-londonba-kuldott-ajanlott-level-53-db-belyeggel-bermentesitve\/","title":{"rendered":"1946 Magyarorsz\u00e1g &#8211; M\u00e1jus 7.-\u00e9n Tihanyb\u00f3l Londonba k\u00fcld\u00f6tt aj\u00e1nlott lev\u00e9l 53 db b\u00e9lyeggel b\u00e9rmentes\u00edtve"},"content":{"rendered":"","protected":false},"excerpt":{"rendered":"","protected":false},"featured_media":17200,"template":"","meta":[],"product_brand":[],"product_cat":[1186,1172],"product_tag":[1664,116,89,1006],"class_list":{"0":"post-15197","1":"product","2":"type-product","3":"status-publish","4":"has-post-thumbnail","6":"product_cat-brit-birodalom","7":"product_cat-magyarorszag","8":"product_tag-2nd-auction-hu","9":"product_tag-belyeg","10":"product_tag-postatortenet","11":"product_tag-unsold","13":"first","14":"outofstock","15":"sold-individually","16":"shipping-taxable","17":"product-type-simple"},"_links":{"self":[{"href":"https:\/\/stampcurio.com\/hu\/wp-json\/wp\/v2\/product\/15197","targetHints":{"allow":["GET"]}}],"collection":[{"href":"https:\/\/stampcurio.com\/hu\/wp-json\/wp\/v2\/product"}],"about":[{"href":"https:\/\/stampcurio.com\/hu\/wp-json\/wp\/v2\/types\/product"}],"wp:featuredmedia":[{"embeddable":true,"href":"https:\/\/stampcurio.com\/hu\/wp-json\/wp\/v2\/media\/17200"}],"wp:attachment":[{"href":"https:\/\/stampcurio.com\/hu\/wp-json\/wp\/v2\/media?parent=15197"}],"wp:term":[{"taxonomy":"product_brand","embeddable":true,"href":"https:\/\/stampcurio.com\/hu\/wp-json\/wp\/v2\/product_brand?post=15197"},{"taxonomy":"product_cat","embeddable":true,"href":"https:\/\/stampcurio.com\/hu\/wp-json\/wp\/v2\/product_cat?post=15197"},{"taxonomy":"product_tag","embeddable":true,"href":"https:\/\/stampcurio.com\/hu\/wp-json\/wp\/v2\/product_tag?post=15197"}],"curies":[{"name":"wp","href":"https:\/\/api.w.org\/{rel}","templated":true}]}}