{"id":15196,"date":"2024-11-29T18:29:45","date_gmt":"2024-11-29T17:29:45","guid":{"rendered":"https:\/\/stampcurio.com\/product\/1945-apr-1-budapesti-62-es-postan-postatiszt-munkalapja-a-munkaban-toltott-napokon-szignalva-es-belyegezve-egesz-majus-31-ig\/"},"modified":"2025-12-05T04:07:56","modified_gmt":"2025-12-05T03:07:56","slug":"1945-magyarorszag-aprilis-1-majus-31-budapesti-62-es-posta-munkalap-postatiszt-munkalapja-a-munkaban-toltott-napokon-szignalva-es-belyegezve-ritka-osszesen-ket-ilyen-dokumentum-ismert","status":"publish","type":"product","link":"https:\/\/stampcurio.com\/hu\/termek\/1945-magyarorszag-aprilis-1-majus-31-budapesti-62-es-posta-munkalap-postatiszt-munkalapja-a-munkaban-toltott-napokon-szignalva-es-belyegezve-ritka-osszesen-ket-ilyen-dokumentum-ismert\/","title":{"rendered":"1945 Magyarorsz\u00e1g &#8211; \u00c1prilis 1. &#8211; m\u00e1jus 31. &#8211; Budapesti 62-es posta munkalap &#8211; postatiszt munkalapja a munk\u00e1ban t\u00f6lt\u00f6tt napokon szign\u00e1lva \u00e9s b\u00e9lyegezve, ritka! \u00d6sszesen k\u00e9t ilyen dokumentum ismert."},"content":{"rendered":"","protected":false},"excerpt":{"rendered":"","protected":false},"featured_media":17156,"template":"","meta":[],"product_brand":[],"product_cat":[1172],"product_tag":[279,1664,1041,89],"class_list":{"0":"post-15196","1":"product","2":"type-product","3":"status-publish","4":"has-post-thumbnail","6":"product_cat-magyarorszag","7":"product_tag-1944-45","8":"product_tag-2nd-auction-hu","9":"product_tag-marcophily-hu","10":"product_tag-postatortenet","12":"first","13":"outofstock","14":"sold-individually","15":"shipping-taxable","16":"product-type-simple"},"_links":{"self":[{"href":"https:\/\/stampcurio.com\/hu\/wp-json\/wp\/v2\/product\/15196","targetHints":{"allow":["GET"]}}],"collection":[{"href":"https:\/\/stampcurio.com\/hu\/wp-json\/wp\/v2\/product"}],"about":[{"href":"https:\/\/stampcurio.com\/hu\/wp-json\/wp\/v2\/types\/product"}],"wp:featuredmedia":[{"embeddable":true,"href":"https:\/\/stampcurio.com\/hu\/wp-json\/wp\/v2\/media\/17156"}],"wp:attachment":[{"href":"https:\/\/stampcurio.com\/hu\/wp-json\/wp\/v2\/media?parent=15196"}],"wp:term":[{"taxonomy":"product_brand","embeddable":true,"href":"https:\/\/stampcurio.com\/hu\/wp-json\/wp\/v2\/product_brand?post=15196"},{"taxonomy":"product_cat","embeddable":true,"href":"https:\/\/stampcurio.com\/hu\/wp-json\/wp\/v2\/product_cat?post=15196"},{"taxonomy":"product_tag","embeddable":true,"href":"https:\/\/stampcurio.com\/hu\/wp-json\/wp\/v2\/product_tag?post=15196"}],"curies":[{"name":"wp","href":"https:\/\/api.w.org\/{rel}","templated":true}]}}