{"id":15195,"date":"2024-11-29T18:29:44","date_gmt":"2024-11-29T17:29:44","guid":{"rendered":"https:\/\/stampcurio.com\/product\/portogyujtemeny-xxx-magyar-kiralyi-postahiv-solt-gumibelyegzovel-45-marcius-2-40-filler-bermentesitessel-kispesten-porto-es-forgalmi-elyegekkel-megportozva-budapesti-tartifa-szerint\/"},"modified":"2025-12-05T04:07:58","modified_gmt":"2025-12-05T03:07:58","slug":"1945-magyarorszag-marcius-2-i-provizoception-soltrol-a-magyar-kiralyi-postahiv-solt-gumibelyegzovel-feladtott-kispestre-kuldott-level-40-filler-bermentesitessel-kispesten-porto-es-forgalm","status":"publish","type":"product","link":"https:\/\/stampcurio.com\/hu\/termek\/1945-magyarorszag-marcius-2-i-provizoception-soltrol-a-magyar-kiralyi-postahiv-solt-gumibelyegzovel-feladtott-kispestre-kuldott-level-40-filler-bermentesitessel-kispesten-porto-es-forgalm\/","title":{"rendered":"1945 Magyarorsz\u00e1g &#8211; m\u00e1rcius 2.-i &#8220;Proviz\u00f3ception&#8221; &#8211; Soltr\u00f3l, a &#8220;Magyar Kir\u00e1lyi Postahiv. SOLT&#8221; gumib\u00e9lyegz\u0151vel feladtott, Kispestre k\u00fcld\u00f6tt lev\u00e9l 40 fill\u00e9r b\u00e9rmentes\u00edt\u00e9ssel, Kispesten port\u00f3 \u00e9s forgalmi b\u00e9lyegekkel megport\u00f3zva a budapesti tartifa szerint"},"content":{"rendered":"","protected":false},"excerpt":{"rendered":"<p>1. Port\u00f3 proviz\u00f3rium<br \/>\n2. Tarifa proviz\u00f3rium<br \/>\n3. B\u00e9lyegz\u00e9s proviz\u00f3rum<\/p>\n","protected":false},"featured_media":17149,"template":"","meta":[],"product_brand":[],"product_cat":[1172],"product_tag":[279,1664,1041,176,108,89,256],"class_list":{"0":"post-15195","1":"product","2":"type-product","3":"status-publish","4":"has-post-thumbnail","6":"product_cat-magyarorszag","7":"product_tag-1944-45","8":"product_tag-2nd-auction-hu","9":"product_tag-marcophily-hu","10":"product_tag-philagem","11":"product_tag-porto","12":"product_tag-postatortenet","13":"product_tag-provizorium","15":"first","16":"outofstock","17":"sold-individually","18":"shipping-taxable","19":"product-type-simple"},"_links":{"self":[{"href":"https:\/\/stampcurio.com\/hu\/wp-json\/wp\/v2\/product\/15195","targetHints":{"allow":["GET"]}}],"collection":[{"href":"https:\/\/stampcurio.com\/hu\/wp-json\/wp\/v2\/product"}],"about":[{"href":"https:\/\/stampcurio.com\/hu\/wp-json\/wp\/v2\/types\/product"}],"wp:featuredmedia":[{"embeddable":true,"href":"https:\/\/stampcurio.com\/hu\/wp-json\/wp\/v2\/media\/17149"}],"wp:attachment":[{"href":"https:\/\/stampcurio.com\/hu\/wp-json\/wp\/v2\/media?parent=15195"}],"wp:term":[{"taxonomy":"product_brand","embeddable":true,"href":"https:\/\/stampcurio.com\/hu\/wp-json\/wp\/v2\/product_brand?post=15195"},{"taxonomy":"product_cat","embeddable":true,"href":"https:\/\/stampcurio.com\/hu\/wp-json\/wp\/v2\/product_cat?post=15195"},{"taxonomy":"product_tag","embeddable":true,"href":"https:\/\/stampcurio.com\/hu\/wp-json\/wp\/v2\/product_tag?post=15195"}],"curies":[{"name":"wp","href":"https:\/\/api.w.org\/{rel}","templated":true}]}}