{"id":15194,"date":"2024-11-29T18:29:44","date_gmt":"2024-11-29T17:29:44","guid":{"rendered":"https:\/\/stampcurio.com\/product\/1945-dec-6-porto-portogyujtemenyben-maradjon-xxx-hivatalbol-portokoteles-5-sulyu-nyomtatvany-szuksegporto-belyegekkel-forgalmi-belyeg-nem-fogadta-el-ragjeggyel-visszakuldve\/"},"modified":"2025-12-05T04:07:58","modified_gmt":"2025-12-05T03:07:58","slug":"1945-magyarorszag-december-6-an-kuldott-hivatalbol-portokoteles-5-sulyu-nyomtatvany-szuksegporto-belyegekkel-bermentesitve-nem-fogadta-el-ragjeggyel-visszakuldve","status":"publish","type":"product","link":"https:\/\/stampcurio.com\/hu\/termek\/1945-magyarorszag-december-6-an-kuldott-hivatalbol-portokoteles-5-sulyu-nyomtatvany-szuksegporto-belyegekkel-bermentesitve-nem-fogadta-el-ragjeggyel-visszakuldve\/","title":{"rendered":"1945 Magyarorsz\u00e1g \u2013 December 6.-\u00e1n k\u00fcld\u00f6tt hivatalb\u00f3l port\u00f3k\u00f6teles 5. s\u00faly\u00fa nyomtatv\u00e1ny, sz\u00fcks\u00e9gport\u00f3 b\u00e9lyegekkel b\u00e9rmentes\u00edtve, nem fogadta el ragjeggyel visszak\u00fcldve"},"content":{"rendered":"","protected":false},"excerpt":{"rendered":"","protected":false},"featured_media":17108,"template":"","meta":[],"product_brand":[],"product_cat":[1172],"product_tag":[279,1664,108,89,256],"class_list":{"0":"post-15194","1":"product","2":"type-product","3":"status-publish","4":"has-post-thumbnail","6":"product_cat-magyarorszag","7":"product_tag-1944-45","8":"product_tag-2nd-auction-hu","9":"product_tag-porto","10":"product_tag-postatortenet","11":"product_tag-provizorium","13":"first","14":"outofstock","15":"sold-individually","16":"shipping-taxable","17":"product-type-simple"},"_links":{"self":[{"href":"https:\/\/stampcurio.com\/hu\/wp-json\/wp\/v2\/product\/15194","targetHints":{"allow":["GET"]}}],"collection":[{"href":"https:\/\/stampcurio.com\/hu\/wp-json\/wp\/v2\/product"}],"about":[{"href":"https:\/\/stampcurio.com\/hu\/wp-json\/wp\/v2\/types\/product"}],"wp:featuredmedia":[{"embeddable":true,"href":"https:\/\/stampcurio.com\/hu\/wp-json\/wp\/v2\/media\/17108"}],"wp:attachment":[{"href":"https:\/\/stampcurio.com\/hu\/wp-json\/wp\/v2\/media?parent=15194"}],"wp:term":[{"taxonomy":"product_brand","embeddable":true,"href":"https:\/\/stampcurio.com\/hu\/wp-json\/wp\/v2\/product_brand?post=15194"},{"taxonomy":"product_cat","embeddable":true,"href":"https:\/\/stampcurio.com\/hu\/wp-json\/wp\/v2\/product_cat?post=15194"},{"taxonomy":"product_tag","embeddable":true,"href":"https:\/\/stampcurio.com\/hu\/wp-json\/wp\/v2\/product_tag?post=15194"}],"curies":[{"name":"wp","href":"https:\/\/api.w.org\/{rel}","templated":true}]}}