{"id":15193,"date":"2024-11-29T18:29:44","date_gmt":"2024-11-29T17:29:44","guid":{"rendered":"https:\/\/stampcurio.com\/product\/1946-juli-27-svajcba-kuldott-ajanlott-level-tarifa-xxx\/"},"modified":"2025-12-05T04:07:58","modified_gmt":"2025-12-05T03:07:58","slug":"1946-magyarorszag-julius-27-en-svajcba-kuldott-ajanlott-level-piros-1m-adopengos-negyes-csikkal-rendkivul-ritka","status":"publish","type":"product","link":"https:\/\/stampcurio.com\/hu\/termek\/1946-magyarorszag-julius-27-en-svajcba-kuldott-ajanlott-level-piros-1m-adopengos-negyes-csikkal-rendkivul-ritka\/","title":{"rendered":"1946 Magyarorsz\u00e1g &#8211;  J\u00falius 27.-\u00e9n Sv\u00e1jcba k\u00fcld\u00f6tt aj\u00e1nlott lev\u00e9l piros 1m ad\u00f3peng\u0151s n\u00e9gyes cs\u00edkkal, rendk\u00edv\u00fcl ritka!"},"content":{"rendered":"","protected":false},"excerpt":{"rendered":"","protected":false},"featured_media":20813,"template":"","meta":[],"product_brand":[],"product_cat":[1172,1191],"product_tag":[1664,116,176,89,1006],"class_list":{"0":"post-15193","1":"product","2":"type-product","3":"status-publish","4":"has-post-thumbnail","6":"product_cat-magyarorszag","7":"product_cat-svajc","8":"product_tag-2nd-auction-hu","9":"product_tag-belyeg","10":"product_tag-philagem","11":"product_tag-postatortenet","12":"product_tag-unsold","14":"first","15":"outofstock","16":"sold-individually","17":"shipping-taxable","18":"product-type-simple"},"_links":{"self":[{"href":"https:\/\/stampcurio.com\/hu\/wp-json\/wp\/v2\/product\/15193","targetHints":{"allow":["GET"]}}],"collection":[{"href":"https:\/\/stampcurio.com\/hu\/wp-json\/wp\/v2\/product"}],"about":[{"href":"https:\/\/stampcurio.com\/hu\/wp-json\/wp\/v2\/types\/product"}],"wp:featuredmedia":[{"embeddable":true,"href":"https:\/\/stampcurio.com\/hu\/wp-json\/wp\/v2\/media\/20813"}],"wp:attachment":[{"href":"https:\/\/stampcurio.com\/hu\/wp-json\/wp\/v2\/media?parent=15193"}],"wp:term":[{"taxonomy":"product_brand","embeddable":true,"href":"https:\/\/stampcurio.com\/hu\/wp-json\/wp\/v2\/product_brand?post=15193"},{"taxonomy":"product_cat","embeddable":true,"href":"https:\/\/stampcurio.com\/hu\/wp-json\/wp\/v2\/product_cat?post=15193"},{"taxonomy":"product_tag","embeddable":true,"href":"https:\/\/stampcurio.com\/hu\/wp-json\/wp\/v2\/product_tag?post=15193"}],"curies":[{"name":"wp","href":"https:\/\/api.w.org\/{rel}","templated":true}]}}