{"id":15192,"date":"2024-11-29T18:29:44","date_gmt":"2024-11-29T17:29:44","guid":{"rendered":"https:\/\/stampcurio.com\/product\/1946-jul-31-17-ora-a-hiperinflacio-utolso-oraiban-feladott-budapestrol-alsotengelicre-kuldott-ajanlott-level\/"},"modified":"2025-12-05T04:07:57","modified_gmt":"2025-12-05T03:07:57","slug":"1946-magyarorszag-julius-31-en-17-orakkor-a-hiperinflacio-utolso-oraiban-budapestrol-alsotengelicre-kuldott-ajanlott-level","status":"publish","type":"product","link":"https:\/\/stampcurio.com\/hu\/termek\/1946-magyarorszag-julius-31-en-17-orakkor-a-hiperinflacio-utolso-oraiban-budapestrol-alsotengelicre-kuldott-ajanlott-level\/","title":{"rendered":"1946 Magyarorsz\u00e1g &#8211; j\u00falius 31.-\u00e9n 17 \u00f3rakkor a hiperinfl\u00e1ci\u00f3 utols\u00f3 \u00f3r\u00e1iban Budapestr\u0151l Als\u00f3tengelicre k\u00fcld\u00f6tt aj\u00e1nlott lev\u00e9l"},"content":{"rendered":"","protected":false},"excerpt":{"rendered":"","protected":false},"featured_media":20827,"template":"","meta":[],"product_brand":[],"product_cat":[1172],"product_tag":[1664,116,176,89,1006],"class_list":{"0":"post-15192","1":"product","2":"type-product","3":"status-publish","4":"has-post-thumbnail","6":"product_cat-magyarorszag","7":"product_tag-2nd-auction-hu","8":"product_tag-belyeg","9":"product_tag-philagem","10":"product_tag-postatortenet","11":"product_tag-unsold","13":"first","14":"outofstock","15":"sold-individually","16":"shipping-taxable","17":"product-type-simple"},"_links":{"self":[{"href":"https:\/\/stampcurio.com\/hu\/wp-json\/wp\/v2\/product\/15192","targetHints":{"allow":["GET"]}}],"collection":[{"href":"https:\/\/stampcurio.com\/hu\/wp-json\/wp\/v2\/product"}],"about":[{"href":"https:\/\/stampcurio.com\/hu\/wp-json\/wp\/v2\/types\/product"}],"wp:featuredmedia":[{"embeddable":true,"href":"https:\/\/stampcurio.com\/hu\/wp-json\/wp\/v2\/media\/20827"}],"wp:attachment":[{"href":"https:\/\/stampcurio.com\/hu\/wp-json\/wp\/v2\/media?parent=15192"}],"wp:term":[{"taxonomy":"product_brand","embeddable":true,"href":"https:\/\/stampcurio.com\/hu\/wp-json\/wp\/v2\/product_brand?post=15192"},{"taxonomy":"product_cat","embeddable":true,"href":"https:\/\/stampcurio.com\/hu\/wp-json\/wp\/v2\/product_cat?post=15192"},{"taxonomy":"product_tag","embeddable":true,"href":"https:\/\/stampcurio.com\/hu\/wp-json\/wp\/v2\/product_tag?post=15192"}],"curies":[{"name":"wp","href":"https:\/\/api.w.org\/{rel}","templated":true}]}}