{"id":15191,"date":"2024-11-29T18:29:43","date_gmt":"2024-11-29T17:29:43","guid":{"rendered":"https:\/\/stampcurio.com\/product\/kispesten-feladott-helyi-nyomtatvany-xxx-kezbesiteskor-1p-porto-szeot-20-an-feladva-21-en-portozva\/"},"modified":"2025-12-05T04:07:59","modified_gmt":"2025-12-05T03:07:59","slug":"1945-magyarorszag-szeptember-20-kispesten-feladott-helyi-nyomtatvany-kezbesiteskor-1-pengovel-portozva","status":"publish","type":"product","link":"https:\/\/stampcurio.com\/hu\/termek\/1945-magyarorszag-szeptember-20-kispesten-feladott-helyi-nyomtatvany-kezbesiteskor-1-pengovel-portozva\/","title":{"rendered":"1945 Magyarorsz\u00e1g &#8211; szeptember 20. Kispesten feladott helyi nyomtatv\u00e1ny, k\u00e9zbes\u00edt\u00e9skor 1 peng\u0151vel port\u00f3zva"},"content":{"rendered":"","protected":false},"excerpt":{"rendered":"","protected":false},"featured_media":15872,"template":"","meta":[],"product_brand":[],"product_cat":[1172],"product_tag":[1664,108,89],"class_list":{"0":"post-15191","1":"product","2":"type-product","3":"status-publish","4":"has-post-thumbnail","6":"product_cat-magyarorszag","7":"product_tag-2nd-auction-hu","8":"product_tag-porto","9":"product_tag-postatortenet","11":"first","12":"outofstock","13":"sold-individually","14":"shipping-taxable","15":"product-type-simple"},"_links":{"self":[{"href":"https:\/\/stampcurio.com\/hu\/wp-json\/wp\/v2\/product\/15191","targetHints":{"allow":["GET"]}}],"collection":[{"href":"https:\/\/stampcurio.com\/hu\/wp-json\/wp\/v2\/product"}],"about":[{"href":"https:\/\/stampcurio.com\/hu\/wp-json\/wp\/v2\/types\/product"}],"wp:featuredmedia":[{"embeddable":true,"href":"https:\/\/stampcurio.com\/hu\/wp-json\/wp\/v2\/media\/15872"}],"wp:attachment":[{"href":"https:\/\/stampcurio.com\/hu\/wp-json\/wp\/v2\/media?parent=15191"}],"wp:term":[{"taxonomy":"product_brand","embeddable":true,"href":"https:\/\/stampcurio.com\/hu\/wp-json\/wp\/v2\/product_brand?post=15191"},{"taxonomy":"product_cat","embeddable":true,"href":"https:\/\/stampcurio.com\/hu\/wp-json\/wp\/v2\/product_cat?post=15191"},{"taxonomy":"product_tag","embeddable":true,"href":"https:\/\/stampcurio.com\/hu\/wp-json\/wp\/v2\/product_tag?post=15191"}],"curies":[{"name":"wp","href":"https:\/\/api.w.org\/{rel}","templated":true}]}}