{"id":15190,"date":"2024-11-29T18:29:43","date_gmt":"2024-11-29T17:29:43","guid":{"rendered":"https:\/\/stampcurio.com\/product\/1946-jul-22-helyi-level-alulbermentesitett-vagy-nem-24-en-kp-val-portozva-xxx\/"},"modified":"2025-12-05T04:07:59","modified_gmt":"2025-12-05T03:07:59","slug":"1946-magyarorszag-julius-22-en-feladott-alulbermentesitett-helyi-level-julius-24-en-keszpenzzel-portozva","status":"publish","type":"product","link":"https:\/\/stampcurio.com\/hu\/termek\/1946-magyarorszag-julius-22-en-feladott-alulbermentesitett-helyi-level-julius-24-en-keszpenzzel-portozva\/","title":{"rendered":"1946 Magyarorsz\u00e1g &#8211; j\u00falius 22.-\u00e9n feladott alulb\u00e9rmentes\u00edtett helyi lev\u00e9l, j\u00falius 24-\u00e9n k\u00e9szp\u00e9nzzel (!) port\u00f3zva"},"content":{"rendered":"","protected":false},"excerpt":{"rendered":"","protected":false},"featured_media":17182,"template":"","meta":[],"product_brand":[],"product_cat":[1172],"product_tag":[1664,1041,108,89],"class_list":{"0":"post-15190","1":"product","2":"type-product","3":"status-publish","4":"has-post-thumbnail","6":"product_cat-magyarorszag","7":"product_tag-2nd-auction-hu","8":"product_tag-marcophily-hu","9":"product_tag-porto","10":"product_tag-postatortenet","12":"first","13":"outofstock","14":"sold-individually","15":"shipping-taxable","16":"product-type-simple"},"_links":{"self":[{"href":"https:\/\/stampcurio.com\/hu\/wp-json\/wp\/v2\/product\/15190","targetHints":{"allow":["GET"]}}],"collection":[{"href":"https:\/\/stampcurio.com\/hu\/wp-json\/wp\/v2\/product"}],"about":[{"href":"https:\/\/stampcurio.com\/hu\/wp-json\/wp\/v2\/types\/product"}],"wp:featuredmedia":[{"embeddable":true,"href":"https:\/\/stampcurio.com\/hu\/wp-json\/wp\/v2\/media\/17182"}],"wp:attachment":[{"href":"https:\/\/stampcurio.com\/hu\/wp-json\/wp\/v2\/media?parent=15190"}],"wp:term":[{"taxonomy":"product_brand","embeddable":true,"href":"https:\/\/stampcurio.com\/hu\/wp-json\/wp\/v2\/product_brand?post=15190"},{"taxonomy":"product_cat","embeddable":true,"href":"https:\/\/stampcurio.com\/hu\/wp-json\/wp\/v2\/product_cat?post=15190"},{"taxonomy":"product_tag","embeddable":true,"href":"https:\/\/stampcurio.com\/hu\/wp-json\/wp\/v2\/product_tag?post=15190"}],"curies":[{"name":"wp","href":"https:\/\/api.w.org\/{rel}","templated":true}]}}