{"id":15189,"date":"2024-11-29T18:29:41","date_gmt":"2024-11-29T17:29:41","guid":{"rendered":"https:\/\/stampcurio.com\/product\/1945-junius-19-pecs-mecsekaljara-kuldott-tavolsagi-tertivevenyes-level-ajanlas-nelkul\/"},"modified":"2025-12-05T04:08:00","modified_gmt":"2025-12-05T03:08:00","slug":"1945-magyarorszag-junius-19-en-pecsrol-mecsekaljara-kuldott-tavolsagi-tertivevenyes-level-ajanlas-nelkul","status":"publish","type":"product","link":"https:\/\/stampcurio.com\/hu\/termek\/1945-magyarorszag-junius-19-en-pecsrol-mecsekaljara-kuldott-tavolsagi-tertivevenyes-level-ajanlas-nelkul\/","title":{"rendered":"1945 Magyarorsz\u00e1g &#8211; j\u00fanius 19.-\u00e9n P\u00e9csr\u0151l Mecsekalj\u00e1ra k\u00fcld\u00f6tt t\u00e1vols\u00e1gi t\u00e9rtivev\u00e9nyes lev\u00e9l aj\u00e1nl\u00e1s n\u00e9lk\u00fcl (?!)"},"content":{"rendered":"","protected":false},"excerpt":{"rendered":"","protected":false},"featured_media":15880,"template":"","meta":[],"product_brand":[],"product_cat":[1172],"product_tag":[279,1664,233,89,1006],"class_list":{"0":"post-15189","1":"product","2":"type-product","3":"status-publish","4":"has-post-thumbnail","6":"product_cat-magyarorszag","7":"product_tag-1944-45","8":"product_tag-2nd-auction-hu","9":"product_tag-cenzura","10":"product_tag-postatortenet","11":"product_tag-unsold","13":"first","14":"outofstock","15":"sold-individually","16":"shipping-taxable","17":"product-type-simple"},"_links":{"self":[{"href":"https:\/\/stampcurio.com\/hu\/wp-json\/wp\/v2\/product\/15189","targetHints":{"allow":["GET"]}}],"collection":[{"href":"https:\/\/stampcurio.com\/hu\/wp-json\/wp\/v2\/product"}],"about":[{"href":"https:\/\/stampcurio.com\/hu\/wp-json\/wp\/v2\/types\/product"}],"wp:featuredmedia":[{"embeddable":true,"href":"https:\/\/stampcurio.com\/hu\/wp-json\/wp\/v2\/media\/15880"}],"wp:attachment":[{"href":"https:\/\/stampcurio.com\/hu\/wp-json\/wp\/v2\/media?parent=15189"}],"wp:term":[{"taxonomy":"product_brand","embeddable":true,"href":"https:\/\/stampcurio.com\/hu\/wp-json\/wp\/v2\/product_brand?post=15189"},{"taxonomy":"product_cat","embeddable":true,"href":"https:\/\/stampcurio.com\/hu\/wp-json\/wp\/v2\/product_cat?post=15189"},{"taxonomy":"product_tag","embeddable":true,"href":"https:\/\/stampcurio.com\/hu\/wp-json\/wp\/v2\/product_tag?post=15189"}],"curies":[{"name":"wp","href":"https:\/\/api.w.org\/{rel}","templated":true}]}}