{"id":15188,"date":"2024-11-29T18:29:41","date_gmt":"2024-11-29T17:29:41","guid":{"rendered":"https:\/\/stampcurio.com\/product\/1946-jun-11-cegledre-kuldott-tavolsagi-level-104-belyeges-a-100millio-pengos-belyeg-egy-valtora-van-felragasztva\/"},"modified":"2025-12-05T04:07:59","modified_gmt":"2025-12-05T03:07:59","slug":"1946-magyarorszag-junius-11-en-cegledre-kuldott-tavolsagi-level-104-belyeges-bermentesitessel-a-2-millio-pengos-belyegek-egy-valtora-van-felragasztva","status":"publish","type":"product","link":"https:\/\/stampcurio.com\/hu\/termek\/1946-magyarorszag-junius-11-en-cegledre-kuldott-tavolsagi-level-104-belyeges-bermentesitessel-a-2-millio-pengos-belyegek-egy-valtora-van-felragasztva\/","title":{"rendered":"1946 Magyarorsz\u00e1g &#8211;  j\u00fanius 11.-\u00e9n Cegl\u00e9dre k\u00fcld\u00f6tt t\u00e1vols\u00e1gi lev\u00e9l 104 (!) b\u00e9lyeges b\u00e9rmentes\u00edt\u00e9ssel &#8211; a 2 milli\u00f3 peng\u0151s b\u00e9lyegek egy v\u00e1lt\u00f3ra van felragasztva"},"content":{"rendered":"","protected":false},"excerpt":{"rendered":"","protected":false},"featured_media":17162,"template":"","meta":[],"product_brand":[],"product_cat":[1172],"product_tag":[1664,116,89,1006],"class_list":{"0":"post-15188","1":"product","2":"type-product","3":"status-publish","4":"has-post-thumbnail","6":"product_cat-magyarorszag","7":"product_tag-2nd-auction-hu","8":"product_tag-belyeg","9":"product_tag-postatortenet","10":"product_tag-unsold","12":"first","13":"outofstock","14":"sold-individually","15":"shipping-taxable","16":"product-type-simple"},"_links":{"self":[{"href":"https:\/\/stampcurio.com\/hu\/wp-json\/wp\/v2\/product\/15188","targetHints":{"allow":["GET"]}}],"collection":[{"href":"https:\/\/stampcurio.com\/hu\/wp-json\/wp\/v2\/product"}],"about":[{"href":"https:\/\/stampcurio.com\/hu\/wp-json\/wp\/v2\/types\/product"}],"wp:featuredmedia":[{"embeddable":true,"href":"https:\/\/stampcurio.com\/hu\/wp-json\/wp\/v2\/media\/17162"}],"wp:attachment":[{"href":"https:\/\/stampcurio.com\/hu\/wp-json\/wp\/v2\/media?parent=15188"}],"wp:term":[{"taxonomy":"product_brand","embeddable":true,"href":"https:\/\/stampcurio.com\/hu\/wp-json\/wp\/v2\/product_brand?post=15188"},{"taxonomy":"product_cat","embeddable":true,"href":"https:\/\/stampcurio.com\/hu\/wp-json\/wp\/v2\/product_cat?post=15188"},{"taxonomy":"product_tag","embeddable":true,"href":"https:\/\/stampcurio.com\/hu\/wp-json\/wp\/v2\/product_tag?post=15188"}],"curies":[{"name":"wp","href":"https:\/\/api.w.org\/{rel}","templated":true}]}}