{"id":15184,"date":"2024-11-29T18:29:40","date_gmt":"2024-11-29T17:29:40","guid":{"rendered":"https:\/\/stampcurio.com\/product\/1861-ausztria-salzburg-piros-kicsi-andraskereszttel-lezart-boritek\/"},"modified":"2025-12-05T04:08:00","modified_gmt":"2025-12-05T03:08:00","slug":"1861-ausztria-salzburgba-cimzett-kis-piros-andraskereszttel-lezart-boritek","status":"publish","type":"product","link":"https:\/\/stampcurio.com\/hu\/termek\/1861-ausztria-salzburgba-cimzett-kis-piros-andraskereszttel-lezart-boritek\/","title":{"rendered":"1861 Ausztria &#8211; Salzburgba c\u00edmzett, kis piros Andr\u00e1skereszttel lez\u00e1rt bor\u00edt\u00e9k"},"content":{"rendered":"","protected":false},"excerpt":{"rendered":"","protected":false},"featured_media":17115,"template":"","meta":[],"product_brand":[],"product_cat":[1178],"product_tag":[1664,116,89,1631,1006],"class_list":{"0":"post-15184","1":"product","2":"type-product","3":"status-publish","4":"has-post-thumbnail","6":"product_cat-ausztria","7":"product_tag-2nd-auction-hu","8":"product_tag-belyeg","9":"product_tag-postatortenet","10":"product_tag-pre-upu","11":"product_tag-unsold","13":"first","14":"instock","15":"sold-individually","16":"shipping-taxable","17":"product-type-simple"},"_links":{"self":[{"href":"https:\/\/stampcurio.com\/hu\/wp-json\/wp\/v2\/product\/15184","targetHints":{"allow":["GET"]}}],"collection":[{"href":"https:\/\/stampcurio.com\/hu\/wp-json\/wp\/v2\/product"}],"about":[{"href":"https:\/\/stampcurio.com\/hu\/wp-json\/wp\/v2\/types\/product"}],"wp:featuredmedia":[{"embeddable":true,"href":"https:\/\/stampcurio.com\/hu\/wp-json\/wp\/v2\/media\/17115"}],"wp:attachment":[{"href":"https:\/\/stampcurio.com\/hu\/wp-json\/wp\/v2\/media?parent=15184"}],"wp:term":[{"taxonomy":"product_brand","embeddable":true,"href":"https:\/\/stampcurio.com\/hu\/wp-json\/wp\/v2\/product_brand?post=15184"},{"taxonomy":"product_cat","embeddable":true,"href":"https:\/\/stampcurio.com\/hu\/wp-json\/wp\/v2\/product_cat?post=15184"},{"taxonomy":"product_tag","embeddable":true,"href":"https:\/\/stampcurio.com\/hu\/wp-json\/wp\/v2\/product_tag?post=15184"}],"curies":[{"name":"wp","href":"https:\/\/api.w.org\/{rel}","templated":true}]}}