{"id":15182,"date":"2024-11-29T18:29:39","date_gmt":"2024-11-29T17:29:39","guid":{"rendered":"https:\/\/stampcurio.com\/product\/cccp-1937-aviation-of-the-ussr-tevnyomat\/"},"modified":"2025-12-05T04:08:01","modified_gmt":"2025-12-05T03:08:01","slug":"1937-szovjetunio-repules-a-szovjetunioban-80-kopek-tevnyomat","status":"publish","type":"product","link":"https:\/\/stampcurio.com\/hu\/termek\/1937-szovjetunio-repules-a-szovjetunioban-80-kopek-tevnyomat\/","title":{"rendered":"1937 Szovjetuni\u00f3 &#8211; Rep\u00fcl\u00e9s a Szovjetuni\u00f3ban 80 kopek t\u00e9vnyomat"},"content":{"rendered":"","protected":false},"excerpt":{"rendered":"","protected":false},"featured_media":16645,"template":"","meta":[],"product_brand":[],"product_cat":[1239],"product_tag":[1664,116,217],"class_list":{"0":"post-15182","1":"product","2":"type-product","3":"status-publish","4":"has-post-thumbnail","6":"product_cat-szovjetunio","7":"product_tag-2nd-auction-hu","8":"product_tag-belyeg","9":"product_tag-tevnyomat","11":"first","12":"instock","13":"sold-individually","14":"shipping-taxable","15":"product-type-simple"},"_links":{"self":[{"href":"https:\/\/stampcurio.com\/hu\/wp-json\/wp\/v2\/product\/15182","targetHints":{"allow":["GET"]}}],"collection":[{"href":"https:\/\/stampcurio.com\/hu\/wp-json\/wp\/v2\/product"}],"about":[{"href":"https:\/\/stampcurio.com\/hu\/wp-json\/wp\/v2\/types\/product"}],"wp:featuredmedia":[{"embeddable":true,"href":"https:\/\/stampcurio.com\/hu\/wp-json\/wp\/v2\/media\/16645"}],"wp:attachment":[{"href":"https:\/\/stampcurio.com\/hu\/wp-json\/wp\/v2\/media?parent=15182"}],"wp:term":[{"taxonomy":"product_brand","embeddable":true,"href":"https:\/\/stampcurio.com\/hu\/wp-json\/wp\/v2\/product_brand?post=15182"},{"taxonomy":"product_cat","embeddable":true,"href":"https:\/\/stampcurio.com\/hu\/wp-json\/wp\/v2\/product_cat?post=15182"},{"taxonomy":"product_tag","embeddable":true,"href":"https:\/\/stampcurio.com\/hu\/wp-json\/wp\/v2\/product_tag?post=15182"}],"curies":[{"name":"wp","href":"https:\/\/api.w.org\/{rel}","templated":true}]}}