{"id":15181,"date":"2024-11-29T18:29:39","date_gmt":"2024-11-29T17:29:39","guid":{"rendered":"https:\/\/stampcurio.com\/product\/xxx-katar-forditott-felulnyomatra-vonatkozik\/"},"modified":"2025-12-05T04:08:01","modified_gmt":"2025-12-05T03:08:01","slug":"1919-nyugat-magyarorszag-vii-10-korona-postatiszta-belyeg-festekfoltok-a-kalap-felett-pruf-bodor","status":"publish","type":"product","link":"https:\/\/stampcurio.com\/hu\/termek\/1919-nyugat-magyarorszag-vii-10-korona-postatiszta-belyeg-festekfoltok-a-kalap-felett-pruf-bodor\/","title":{"rendered":"1919 Nyugat-Magyarorsz\u00e1g VII. &#8211; 10 korona postatiszta ** b\u00e9lyeg fest\u00e9kfoltok a kalap felett \/ Pr\u00fcf: Bodor"},"content":{"rendered":"","protected":false},"excerpt":{"rendered":"","protected":false},"featured_media":17653,"template":"","meta":[],"product_brand":[],"product_cat":[1178,1172],"product_tag":[1664,116,217,1006],"class_list":{"0":"post-15181","1":"product","2":"type-product","3":"status-publish","4":"has-post-thumbnail","6":"product_cat-ausztria","7":"product_cat-magyarorszag","8":"product_tag-2nd-auction-hu","9":"product_tag-belyeg","10":"product_tag-tevnyomat","11":"product_tag-unsold","13":"first","14":"instock","15":"sold-individually","16":"shipping-taxable","17":"product-type-simple"},"_links":{"self":[{"href":"https:\/\/stampcurio.com\/hu\/wp-json\/wp\/v2\/product\/15181","targetHints":{"allow":["GET"]}}],"collection":[{"href":"https:\/\/stampcurio.com\/hu\/wp-json\/wp\/v2\/product"}],"about":[{"href":"https:\/\/stampcurio.com\/hu\/wp-json\/wp\/v2\/types\/product"}],"wp:featuredmedia":[{"embeddable":true,"href":"https:\/\/stampcurio.com\/hu\/wp-json\/wp\/v2\/media\/17653"}],"wp:attachment":[{"href":"https:\/\/stampcurio.com\/hu\/wp-json\/wp\/v2\/media?parent=15181"}],"wp:term":[{"taxonomy":"product_brand","embeddable":true,"href":"https:\/\/stampcurio.com\/hu\/wp-json\/wp\/v2\/product_brand?post=15181"},{"taxonomy":"product_cat","embeddable":true,"href":"https:\/\/stampcurio.com\/hu\/wp-json\/wp\/v2\/product_cat?post=15181"},{"taxonomy":"product_tag","embeddable":true,"href":"https:\/\/stampcurio.com\/hu\/wp-json\/wp\/v2\/product_tag?post=15181"}],"curies":[{"name":"wp","href":"https:\/\/api.w.org\/{rel}","templated":true}]}}