{"id":1518,"date":"2023-11-09T16:07:25","date_gmt":"2023-11-09T15:07:25","guid":{"rendered":"http:\/\/stampcurio.com\/?post_type=product&#038;p=1518"},"modified":"2025-12-05T04:13:46","modified_gmt":"2025-12-05T03:13:46","slug":"1939-dekorativ-legiposta-boritek-15-belyeges-bermentesitessel-uruguayba-kuldve","status":"publish","type":"product","link":"https:\/\/stampcurio.com\/hu\/termek\/1939-dekorativ-legiposta-boritek-15-belyeges-bermentesitessel-uruguayba-kuldve\/","title":{"rendered":"1939 dekorat\u00edv l\u00e9giposta bor\u00edt\u00e9k 15 b\u00e9lyeges b\u00e9rmentes\u00edt\u00e9ssel Uruguayba k\u00fcldve"},"content":{"rendered":"","protected":false},"excerpt":{"rendered":"<p>N\u00e9met l\u00e9giposta b\u00e9lyegz\u0151vel.<br \/>\nFilatelista k\u00fcldem\u00e9ny, de rendk\u00edv\u00fcl dekorat\u00edv darab.<\/p>\n","protected":false},"featured_media":1519,"template":"","meta":[],"product_brand":[],"product_cat":[73,113,132],"product_tag":[1044,116,115,89],"class_list":{"0":"post-1518","1":"product","2":"type-product","3":"status-publish","4":"has-post-thumbnail","6":"product_cat-magyarorszag-1st","7":"product_cat-nemetorszag-1st","8":"product_cat-uruguay-1st","9":"product_tag-1st-auction-hu","10":"product_tag-belyeg","11":"product_tag-legiposta","12":"product_tag-postatortenet","13":"pa_catalog_id-131","15":"first","16":"instock","17":"sold-individually","18":"shipping-taxable","19":"product-type-simple"},"_links":{"self":[{"href":"https:\/\/stampcurio.com\/hu\/wp-json\/wp\/v2\/product\/1518","targetHints":{"allow":["GET"]}}],"collection":[{"href":"https:\/\/stampcurio.com\/hu\/wp-json\/wp\/v2\/product"}],"about":[{"href":"https:\/\/stampcurio.com\/hu\/wp-json\/wp\/v2\/types\/product"}],"wp:featuredmedia":[{"embeddable":true,"href":"https:\/\/stampcurio.com\/hu\/wp-json\/wp\/v2\/media\/1519"}],"wp:attachment":[{"href":"https:\/\/stampcurio.com\/hu\/wp-json\/wp\/v2\/media?parent=1518"}],"wp:term":[{"taxonomy":"product_brand","embeddable":true,"href":"https:\/\/stampcurio.com\/hu\/wp-json\/wp\/v2\/product_brand?post=1518"},{"taxonomy":"product_cat","embeddable":true,"href":"https:\/\/stampcurio.com\/hu\/wp-json\/wp\/v2\/product_cat?post=1518"},{"taxonomy":"product_tag","embeddable":true,"href":"https:\/\/stampcurio.com\/hu\/wp-json\/wp\/v2\/product_tag?post=1518"}],"curies":[{"name":"wp","href":"https:\/\/api.w.org\/{rel}","templated":true}]}}