{"id":15178,"date":"2024-11-29T18:29:38","date_gmt":"2024-11-29T17:29:38","guid":{"rendered":"https:\/\/stampcurio.com\/product\/xxx-30f-kozonseges-papiron-forditott-felulnyomat-debrecen-ii-phu-87\/"},"modified":"2025-12-05T04:08:02","modified_gmt":"2025-12-05T03:08:02","slug":"1920-debrecen-ii-30-filler-kozonseges-papiron-forditott-felulnyomat-pruf-bodor-phu-87-eur","status":"publish","type":"product","link":"https:\/\/stampcurio.com\/hu\/termek\/1920-debrecen-ii-30-filler-kozonseges-papiron-forditott-felulnyomat-pruf-bodor-phu-87-eur\/","title":{"rendered":"1920 Debrecen II. 30 fill\u00e9r k\u00f6z\u00f6ns\u00e9ges pap\u00edron ford\u00edtott fel\u00fclnyomat \/ Pr\u00fcf: Bodor \/ PHu: 87++ EUR"},"content":{"rendered":"","protected":false},"excerpt":{"rendered":"","protected":false},"featured_media":16804,"template":"","meta":[],"product_brand":[],"product_cat":[1172,1208],"product_tag":[1664,116,217],"class_list":{"0":"post-15178","1":"product","2":"type-product","3":"status-publish","4":"has-post-thumbnail","6":"product_cat-magyarorszag","7":"product_cat-romania","8":"product_tag-2nd-auction-hu","9":"product_tag-belyeg","10":"product_tag-tevnyomat","12":"first","13":"instock","14":"sold-individually","15":"shipping-taxable","16":"product-type-simple"},"_links":{"self":[{"href":"https:\/\/stampcurio.com\/hu\/wp-json\/wp\/v2\/product\/15178","targetHints":{"allow":["GET"]}}],"collection":[{"href":"https:\/\/stampcurio.com\/hu\/wp-json\/wp\/v2\/product"}],"about":[{"href":"https:\/\/stampcurio.com\/hu\/wp-json\/wp\/v2\/types\/product"}],"wp:featuredmedia":[{"embeddable":true,"href":"https:\/\/stampcurio.com\/hu\/wp-json\/wp\/v2\/media\/16804"}],"wp:attachment":[{"href":"https:\/\/stampcurio.com\/hu\/wp-json\/wp\/v2\/media?parent=15178"}],"wp:term":[{"taxonomy":"product_brand","embeddable":true,"href":"https:\/\/stampcurio.com\/hu\/wp-json\/wp\/v2\/product_brand?post=15178"},{"taxonomy":"product_cat","embeddable":true,"href":"https:\/\/stampcurio.com\/hu\/wp-json\/wp\/v2\/product_cat?post=15178"},{"taxonomy":"product_tag","embeddable":true,"href":"https:\/\/stampcurio.com\/hu\/wp-json\/wp\/v2\/product_tag?post=15178"}],"curies":[{"name":"wp","href":"https:\/\/api.w.org\/{rel}","templated":true}]}}