{"id":15177,"date":"2024-11-29T18:29:37","date_gmt":"2024-11-29T17:29:37","guid":{"rendered":"https:\/\/stampcurio.com\/product\/xxx-nemzeti-kormany-1-korona-parlament-hatoldali-vakdombornyomassal\/"},"modified":"2025-12-05T04:08:04","modified_gmt":"2025-12-05T03:08:04","slug":"1919-szeged-parlament-1k-postatiszta-forditott-felulnyomassal-es-normal-allasu-vakdobor-nyomattal-pruf-bodor","status":"publish","type":"product","link":"https:\/\/stampcurio.com\/hu\/termek\/1919-szeged-parlament-1k-postatiszta-forditott-felulnyomassal-es-normal-allasu-vakdobor-nyomattal-pruf-bodor\/","title":{"rendered":"1919 Szeged &#8211; Parlament 1K postatiszta ** ford\u00edtott fel\u00fclnyom\u00e1ssal \u00e9s norm\u00e1l \u00e1ll\u00e1s\u00fa vakdobor nyomattal \/ Pr\u00fcf: Bodor"},"content":{"rendered":"","protected":false},"excerpt":{"rendered":"","protected":false},"featured_media":23714,"template":"","meta":[],"product_brand":[],"product_cat":[1181,1172],"product_tag":[1664,116,217],"class_list":{"0":"post-15177","1":"product","2":"type-product","3":"status-publish","4":"has-post-thumbnail","6":"product_cat-franciaorszag","7":"product_cat-magyarorszag","8":"product_tag-2nd-auction-hu","9":"product_tag-belyeg","10":"product_tag-tevnyomat","12":"first","13":"instock","14":"sold-individually","15":"shipping-taxable","16":"product-type-simple"},"_links":{"self":[{"href":"https:\/\/stampcurio.com\/hu\/wp-json\/wp\/v2\/product\/15177","targetHints":{"allow":["GET"]}}],"collection":[{"href":"https:\/\/stampcurio.com\/hu\/wp-json\/wp\/v2\/product"}],"about":[{"href":"https:\/\/stampcurio.com\/hu\/wp-json\/wp\/v2\/types\/product"}],"wp:featuredmedia":[{"embeddable":true,"href":"https:\/\/stampcurio.com\/hu\/wp-json\/wp\/v2\/media\/23714"}],"wp:attachment":[{"href":"https:\/\/stampcurio.com\/hu\/wp-json\/wp\/v2\/media?parent=15177"}],"wp:term":[{"taxonomy":"product_brand","embeddable":true,"href":"https:\/\/stampcurio.com\/hu\/wp-json\/wp\/v2\/product_brand?post=15177"},{"taxonomy":"product_cat","embeddable":true,"href":"https:\/\/stampcurio.com\/hu\/wp-json\/wp\/v2\/product_cat?post=15177"},{"taxonomy":"product_tag","embeddable":true,"href":"https:\/\/stampcurio.com\/hu\/wp-json\/wp\/v2\/product_tag?post=15177"}],"curies":[{"name":"wp","href":"https:\/\/api.w.org\/{rel}","templated":true}]}}