{"id":15176,"date":"2024-11-29T18:29:37","date_gmt":"2024-11-29T17:29:37","guid":{"rendered":"https:\/\/stampcurio.com\/product\/xxx-szeged-hadisegely-1010f-nemzet1\/"},"modified":"2025-12-05T04:08:03","modified_gmt":"2025-12-05T03:08:03","slug":"1919-szeged-hadisegely-iii-postatiszta-10f-a-nemzeti-helyett-nemzet1-felulnyomassal-pruf-bodor","status":"publish","type":"product","link":"https:\/\/stampcurio.com\/hu\/termek\/1919-szeged-hadisegely-iii-postatiszta-10f-a-nemzeti-helyett-nemzet1-felulnyomassal-pruf-bodor\/","title":{"rendered":"1919 Szeged &#8211; Hadiseg\u00e9ly III. postatiszta * 10f a NEMZETI helyett NEMZET1 fel\u00fclnyom\u00e1ssal \/ Pr\u00fcf: Bodor"},"content":{"rendered":"","protected":false},"excerpt":{"rendered":"","protected":false},"featured_media":16853,"template":"","meta":[],"product_brand":[],"product_cat":[1181,1172],"product_tag":[1664,116,217],"class_list":{"0":"post-15176","1":"product","2":"type-product","3":"status-publish","4":"has-post-thumbnail","6":"product_cat-franciaorszag","7":"product_cat-magyarorszag","8":"product_tag-2nd-auction-hu","9":"product_tag-belyeg","10":"product_tag-tevnyomat","12":"first","13":"instock","14":"sold-individually","15":"shipping-taxable","16":"product-type-simple"},"_links":{"self":[{"href":"https:\/\/stampcurio.com\/hu\/wp-json\/wp\/v2\/product\/15176","targetHints":{"allow":["GET"]}}],"collection":[{"href":"https:\/\/stampcurio.com\/hu\/wp-json\/wp\/v2\/product"}],"about":[{"href":"https:\/\/stampcurio.com\/hu\/wp-json\/wp\/v2\/types\/product"}],"wp:featuredmedia":[{"embeddable":true,"href":"https:\/\/stampcurio.com\/hu\/wp-json\/wp\/v2\/media\/16853"}],"wp:attachment":[{"href":"https:\/\/stampcurio.com\/hu\/wp-json\/wp\/v2\/media?parent=15176"}],"wp:term":[{"taxonomy":"product_brand","embeddable":true,"href":"https:\/\/stampcurio.com\/hu\/wp-json\/wp\/v2\/product_brand?post=15176"},{"taxonomy":"product_cat","embeddable":true,"href":"https:\/\/stampcurio.com\/hu\/wp-json\/wp\/v2\/product_cat?post=15176"},{"taxonomy":"product_tag","embeddable":true,"href":"https:\/\/stampcurio.com\/hu\/wp-json\/wp\/v2\/product_tag?post=15176"}],"curies":[{"name":"wp","href":"https:\/\/api.w.org\/{rel}","templated":true}]}}