{"id":15175,"date":"2024-11-29T18:29:37","date_gmt":"2024-11-29T17:29:37","guid":{"rendered":"https:\/\/stampcurio.com\/product\/xxx-szeged-nemzeti-kormany-probanyomat-5-6-7-parlament-50f-forditott-felul\/"},"modified":"2025-12-05T04:08:03","modified_gmt":"2025-12-05T03:08:03","slug":"1919-szeged-parlament-50-filler-probanyomat-a-piros-helyett-zold-felulnyomattal-pruf-bodor-phu-50-eur-sarokfog-hiany","status":"publish","type":"product","link":"https:\/\/stampcurio.com\/hu\/termek\/1919-szeged-parlament-50-filler-probanyomat-a-piros-helyett-zold-felulnyomattal-pruf-bodor-phu-50-eur-sarokfog-hiany\/","title":{"rendered":"1919 Szeged &#8211; Parlament 50 fill\u00e9r pr\u00f3banyomat, a piros helyett Z\u00d6LD fel\u00fclnyomattal \/ Pr\u00fcf: Bodor \/ PHu: 50 EUR &#8211; sarokfog hi\u00e1ny"},"content":{"rendered":"","protected":false},"excerpt":{"rendered":"","protected":false},"featured_media":16552,"template":"","meta":[],"product_brand":[],"product_cat":[1181,1172],"product_tag":[1664,116,390,217],"class_list":{"0":"post-15175","1":"product","2":"type-product","3":"status-publish","4":"has-post-thumbnail","6":"product_cat-franciaorszag","7":"product_cat-magyarorszag","8":"product_tag-2nd-auction-hu","9":"product_tag-belyeg","10":"product_tag-probanyomat","11":"product_tag-tevnyomat","13":"first","14":"instock","15":"sold-individually","16":"shipping-taxable","17":"product-type-simple"},"_links":{"self":[{"href":"https:\/\/stampcurio.com\/hu\/wp-json\/wp\/v2\/product\/15175","targetHints":{"allow":["GET"]}}],"collection":[{"href":"https:\/\/stampcurio.com\/hu\/wp-json\/wp\/v2\/product"}],"about":[{"href":"https:\/\/stampcurio.com\/hu\/wp-json\/wp\/v2\/types\/product"}],"wp:featuredmedia":[{"embeddable":true,"href":"https:\/\/stampcurio.com\/hu\/wp-json\/wp\/v2\/media\/16552"}],"wp:attachment":[{"href":"https:\/\/stampcurio.com\/hu\/wp-json\/wp\/v2\/media?parent=15175"}],"wp:term":[{"taxonomy":"product_brand","embeddable":true,"href":"https:\/\/stampcurio.com\/hu\/wp-json\/wp\/v2\/product_brand?post=15175"},{"taxonomy":"product_cat","embeddable":true,"href":"https:\/\/stampcurio.com\/hu\/wp-json\/wp\/v2\/product_cat?post=15175"},{"taxonomy":"product_tag","embeddable":true,"href":"https:\/\/stampcurio.com\/hu\/wp-json\/wp\/v2\/product_tag?post=15175"}],"curies":[{"name":"wp","href":"https:\/\/api.w.org\/{rel}","templated":true}]}}