{"id":15173,"date":"2024-11-29T18:29:36","date_gmt":"2024-11-29T17:29:36","guid":{"rendered":"https:\/\/stampcurio.com\/product\/45-3f-negyes-tomb-felso-ket-belyeg-nyitott-also-zart-negyessel-nemzeti-kormany\/"},"modified":"2025-12-05T04:08:05","modified_gmt":"2025-12-05T03:08:05","slug":"1919-szeged-45f-3f-negyestomb-ketfele-4-s-szammal-a-felso-ket-belyeg-nyitott-az-alsok-zart-negyessel","status":"publish","type":"product","link":"https:\/\/stampcurio.com\/hu\/termek\/1919-szeged-45f-3f-negyestomb-ketfele-4-s-szammal-a-felso-ket-belyeg-nyitott-az-alsok-zart-negyessel\/","title":{"rendered":"1919 Szeged &#8211; 45f \/ 3f n\u00e9gyest\u00f6mb &#8211; k\u00e9tf\u00e9le 4-s sz\u00e1mmal: a fels\u0151 k\u00e9t b\u00e9lyeg nyitott, az als\u00f3k z\u00e1rt n\u00e9gyessel"},"content":{"rendered":"","protected":false},"excerpt":{"rendered":"","protected":false},"featured_media":17607,"template":"","meta":[],"product_brand":[],"product_cat":[1181,1172],"product_tag":[1664,116,217],"class_list":{"0":"post-15173","1":"product","2":"type-product","3":"status-publish","4":"has-post-thumbnail","6":"product_cat-franciaorszag","7":"product_cat-magyarorszag","8":"product_tag-2nd-auction-hu","9":"product_tag-belyeg","10":"product_tag-tevnyomat","12":"first","13":"instock","14":"sold-individually","15":"shipping-taxable","16":"product-type-simple"},"_links":{"self":[{"href":"https:\/\/stampcurio.com\/hu\/wp-json\/wp\/v2\/product\/15173","targetHints":{"allow":["GET"]}}],"collection":[{"href":"https:\/\/stampcurio.com\/hu\/wp-json\/wp\/v2\/product"}],"about":[{"href":"https:\/\/stampcurio.com\/hu\/wp-json\/wp\/v2\/types\/product"}],"wp:featuredmedia":[{"embeddable":true,"href":"https:\/\/stampcurio.com\/hu\/wp-json\/wp\/v2\/media\/17607"}],"wp:attachment":[{"href":"https:\/\/stampcurio.com\/hu\/wp-json\/wp\/v2\/media?parent=15173"}],"wp:term":[{"taxonomy":"product_brand","embeddable":true,"href":"https:\/\/stampcurio.com\/hu\/wp-json\/wp\/v2\/product_brand?post=15173"},{"taxonomy":"product_cat","embeddable":true,"href":"https:\/\/stampcurio.com\/hu\/wp-json\/wp\/v2\/product_cat?post=15173"},{"taxonomy":"product_tag","embeddable":true,"href":"https:\/\/stampcurio.com\/hu\/wp-json\/wp\/v2\/product_tag?post=15173"}],"curies":[{"name":"wp","href":"https:\/\/api.w.org\/{rel}","templated":true}]}}