{"id":15169,"date":"2024-11-29T18:29:35","date_gmt":"2024-11-29T17:29:35","guid":{"rendered":"https:\/\/stampcurio.com\/product\/xxx-debrecen-ii-segelybelyeg-75f-forditott-felulnyomassal-phu-35ehuf-400\/"},"modified":"2025-12-05T04:08:06","modified_gmt":"2025-12-05T03:08:06","slug":"1920-magyarorszag-debrecen-ii-75-filler-segelybelyeg-forditott-felulnyomassal-pruf-bodor-phu-88-eur","status":"publish","type":"product","link":"https:\/\/stampcurio.com\/hu\/termek\/1920-magyarorszag-debrecen-ii-75-filler-segelybelyeg-forditott-felulnyomassal-pruf-bodor-phu-88-eur\/","title":{"rendered":"1920 Magyarorsz\u00e1g &#8211; Debrecen II. 75 fill\u00e9r seg\u00e9lyb\u00e9lyeg ford\u00edtott fel\u00fclnyom\u00e1ssal | Pr\u00fcf: Bodor | PHu: 88 EUR"},"content":{"rendered":"","protected":false},"excerpt":{"rendered":"","protected":false},"featured_media":17621,"template":"","meta":[],"product_brand":[],"product_cat":[1172,1208],"product_tag":[1664,116,217],"class_list":{"0":"post-15169","1":"product","2":"type-product","3":"status-publish","4":"has-post-thumbnail","6":"product_cat-magyarorszag","7":"product_cat-romania","8":"product_tag-2nd-auction-hu","9":"product_tag-belyeg","10":"product_tag-tevnyomat","12":"first","13":"instock","14":"sold-individually","15":"shipping-taxable","16":"product-type-simple"},"_links":{"self":[{"href":"https:\/\/stampcurio.com\/hu\/wp-json\/wp\/v2\/product\/15169","targetHints":{"allow":["GET"]}}],"collection":[{"href":"https:\/\/stampcurio.com\/hu\/wp-json\/wp\/v2\/product"}],"about":[{"href":"https:\/\/stampcurio.com\/hu\/wp-json\/wp\/v2\/types\/product"}],"wp:featuredmedia":[{"embeddable":true,"href":"https:\/\/stampcurio.com\/hu\/wp-json\/wp\/v2\/media\/17621"}],"wp:attachment":[{"href":"https:\/\/stampcurio.com\/hu\/wp-json\/wp\/v2\/media?parent=15169"}],"wp:term":[{"taxonomy":"product_brand","embeddable":true,"href":"https:\/\/stampcurio.com\/hu\/wp-json\/wp\/v2\/product_brand?post=15169"},{"taxonomy":"product_cat","embeddable":true,"href":"https:\/\/stampcurio.com\/hu\/wp-json\/wp\/v2\/product_cat?post=15169"},{"taxonomy":"product_tag","embeddable":true,"href":"https:\/\/stampcurio.com\/hu\/wp-json\/wp\/v2\/product_tag?post=15169"}],"curies":[{"name":"wp","href":"https:\/\/api.w.org\/{rel}","templated":true}]}}