{"id":15168,"date":"2024-11-29T18:29:35","date_gmt":"2024-11-29T17:29:35","guid":{"rendered":"https:\/\/stampcurio.com\/product\/xxx-nymo-porto-belyeg-500f-forditott-ertekszammal-15-eur\/"},"modified":"2025-12-05T04:08:05","modified_gmt":"2025-12-05T03:08:05","slug":"1921-nyugat-magyarorszag-500-filler-postatiszta-porto-belyeg-forditott-ertekszammal-pruf-bodor-phu-15-eur","status":"publish","type":"product","link":"https:\/\/stampcurio.com\/hu\/termek\/1921-nyugat-magyarorszag-500-filler-postatiszta-porto-belyeg-forditott-ertekszammal-pruf-bodor-phu-15-eur\/","title":{"rendered":"1921 Nyugat-Magyarorsz\u00e1g &#8211; 500 fill\u00e9r postatiszta ** port\u00f3 b\u00e9lyeg ford\u00edtott \u00e9rt\u00e9ksz\u00e1mmal | Pr\u00fcf: Bodor | PHu: 15 EUR"},"content":{"rendered":"","protected":false},"excerpt":{"rendered":"","protected":false},"featured_media":17033,"template":"","meta":[],"product_brand":[],"product_cat":[1178,1172],"product_tag":[1664,116,108,217],"class_list":{"0":"post-15168","1":"product","2":"type-product","3":"status-publish","4":"has-post-thumbnail","6":"product_cat-ausztria","7":"product_cat-magyarorszag","8":"product_tag-2nd-auction-hu","9":"product_tag-belyeg","10":"product_tag-porto","11":"product_tag-tevnyomat","13":"first","14":"instock","15":"sold-individually","16":"shipping-taxable","17":"product-type-simple"},"_links":{"self":[{"href":"https:\/\/stampcurio.com\/hu\/wp-json\/wp\/v2\/product\/15168","targetHints":{"allow":["GET"]}}],"collection":[{"href":"https:\/\/stampcurio.com\/hu\/wp-json\/wp\/v2\/product"}],"about":[{"href":"https:\/\/stampcurio.com\/hu\/wp-json\/wp\/v2\/types\/product"}],"wp:featuredmedia":[{"embeddable":true,"href":"https:\/\/stampcurio.com\/hu\/wp-json\/wp\/v2\/media\/17033"}],"wp:attachment":[{"href":"https:\/\/stampcurio.com\/hu\/wp-json\/wp\/v2\/media?parent=15168"}],"wp:term":[{"taxonomy":"product_brand","embeddable":true,"href":"https:\/\/stampcurio.com\/hu\/wp-json\/wp\/v2\/product_brand?post=15168"},{"taxonomy":"product_cat","embeddable":true,"href":"https:\/\/stampcurio.com\/hu\/wp-json\/wp\/v2\/product_cat?post=15168"},{"taxonomy":"product_tag","embeddable":true,"href":"https:\/\/stampcurio.com\/hu\/wp-json\/wp\/v2\/product_tag?post=15168"}],"curies":[{"name":"wp","href":"https:\/\/api.w.org\/{rel}","templated":true}]}}