{"id":15167,"date":"2024-11-29T18:29:35","date_gmt":"2024-11-29T17:29:35","guid":{"rendered":"https:\/\/stampcurio.com\/product\/xxx-arad-piros-szamu-porto-2f-piros-fekvo-felulnyomassal\/"},"modified":"2025-12-05T04:08:05","modified_gmt":"2025-12-05T03:08:05","slug":"1919-magyarorszag-arad-2-filler-piros-szamu-porto-fekvo-felulnyomassal-eddig-publikalatlan-probanyomat-pruf-bodor","status":"publish","type":"product","link":"https:\/\/stampcurio.com\/hu\/termek\/1919-magyarorszag-arad-2-filler-piros-szamu-porto-fekvo-felulnyomassal-eddig-publikalatlan-probanyomat-pruf-bodor\/","title":{"rendered":"1919 Magyarorsz\u00e1g &#8211; Arad 2 fill\u00e9r piros sz\u00e1m\u00fa port\u00f3 fekv\u0151 fel\u00fclnyom\u00e1ssal, eddig publik\u00e1latlan pr\u00f3banyomat | Pr\u00fcf: Bodor"},"content":{"rendered":"","protected":false},"excerpt":{"rendered":"<p>Az 1,5,6 fill\u00e9res port\u00f3b\u00e9lyegeken m\u00e1r ismert hasonl\u00f3.<\/p>\n","protected":false},"featured_media":17634,"template":"","meta":[],"product_brand":[],"product_cat":[1181,1172,1208],"product_tag":[1664,116,108,390,217],"class_list":{"0":"post-15167","1":"product","2":"type-product","3":"status-publish","4":"has-post-thumbnail","6":"product_cat-franciaorszag","7":"product_cat-magyarorszag","8":"product_cat-romania","9":"product_tag-2nd-auction-hu","10":"product_tag-belyeg","11":"product_tag-porto","12":"product_tag-probanyomat","13":"product_tag-tevnyomat","15":"first","16":"instock","17":"sold-individually","18":"shipping-taxable","19":"product-type-simple"},"_links":{"self":[{"href":"https:\/\/stampcurio.com\/hu\/wp-json\/wp\/v2\/product\/15167","targetHints":{"allow":["GET"]}}],"collection":[{"href":"https:\/\/stampcurio.com\/hu\/wp-json\/wp\/v2\/product"}],"about":[{"href":"https:\/\/stampcurio.com\/hu\/wp-json\/wp\/v2\/types\/product"}],"wp:featuredmedia":[{"embeddable":true,"href":"https:\/\/stampcurio.com\/hu\/wp-json\/wp\/v2\/media\/17634"}],"wp:attachment":[{"href":"https:\/\/stampcurio.com\/hu\/wp-json\/wp\/v2\/media?parent=15167"}],"wp:term":[{"taxonomy":"product_brand","embeddable":true,"href":"https:\/\/stampcurio.com\/hu\/wp-json\/wp\/v2\/product_brand?post=15167"},{"taxonomy":"product_cat","embeddable":true,"href":"https:\/\/stampcurio.com\/hu\/wp-json\/wp\/v2\/product_cat?post=15167"},{"taxonomy":"product_tag","embeddable":true,"href":"https:\/\/stampcurio.com\/hu\/wp-json\/wp\/v2\/product_tag?post=15167"}],"curies":[{"name":"wp","href":"https:\/\/api.w.org\/{rel}","templated":true}]}}