{"id":15166,"date":"2024-11-29T18:29:34","date_gmt":"2024-11-29T17:29:34","guid":{"rendered":"https:\/\/stampcurio.com\/product\/xxx-occupation-francaise-arad-megszallas-zita-40-filler-forditott-felulnyomattal\/"},"modified":"2025-12-05T04:08:07","modified_gmt":"2025-12-05T03:08:07","slug":"1919-magyarorszag-arad-zita-40-filler-forditott-felulnyomattal-phu-55-eur-pruf-bodor","status":"publish","type":"product","link":"https:\/\/stampcurio.com\/hu\/termek\/1919-magyarorszag-arad-zita-40-filler-forditott-felulnyomattal-phu-55-eur-pruf-bodor\/","title":{"rendered":"1919 Magyarorsz\u00e1g &#8211; Arad Zita 40 fill\u00e9r ford\u00edtott fel\u00fclnyomattal | PHu: 55 EUR | Pr\u00fcf: Bodor"},"content":{"rendered":"","protected":false},"excerpt":{"rendered":"","protected":false},"featured_media":17665,"template":"","meta":[],"product_brand":[],"product_cat":[1181,1172,1208],"product_tag":[1664,116,217],"class_list":{"0":"post-15166","1":"product","2":"type-product","3":"status-publish","4":"has-post-thumbnail","6":"product_cat-franciaorszag","7":"product_cat-magyarorszag","8":"product_cat-romania","9":"product_tag-2nd-auction-hu","10":"product_tag-belyeg","11":"product_tag-tevnyomat","13":"first","14":"instock","15":"sold-individually","16":"shipping-taxable","17":"product-type-simple"},"_links":{"self":[{"href":"https:\/\/stampcurio.com\/hu\/wp-json\/wp\/v2\/product\/15166","targetHints":{"allow":["GET"]}}],"collection":[{"href":"https:\/\/stampcurio.com\/hu\/wp-json\/wp\/v2\/product"}],"about":[{"href":"https:\/\/stampcurio.com\/hu\/wp-json\/wp\/v2\/types\/product"}],"wp:featuredmedia":[{"embeddable":true,"href":"https:\/\/stampcurio.com\/hu\/wp-json\/wp\/v2\/media\/17665"}],"wp:attachment":[{"href":"https:\/\/stampcurio.com\/hu\/wp-json\/wp\/v2\/media?parent=15166"}],"wp:term":[{"taxonomy":"product_brand","embeddable":true,"href":"https:\/\/stampcurio.com\/hu\/wp-json\/wp\/v2\/product_brand?post=15166"},{"taxonomy":"product_cat","embeddable":true,"href":"https:\/\/stampcurio.com\/hu\/wp-json\/wp\/v2\/product_cat?post=15166"},{"taxonomy":"product_tag","embeddable":true,"href":"https:\/\/stampcurio.com\/hu\/wp-json\/wp\/v2\/product_tag?post=15166"}],"curies":[{"name":"wp","href":"https:\/\/api.w.org\/{rel}","templated":true}]}}