{"id":15163,"date":"2024-11-29T18:29:33","date_gmt":"2024-11-29T17:29:33","guid":{"rendered":"https:\/\/stampcurio.com\/product\/xxx-nyugat-mo-i-10-es-25-f-postatiszta-elkelo-magyarok-felulnyomassal\/"},"modified":"2025-12-05T04:08:08","modified_gmt":"2025-12-05T03:08:08","slug":"1921-nyugat-magyarorszag-i-postatiszta-10-f-es-25-f-_elkelo-magyarok-felulnyomassal","status":"publish","type":"product","link":"https:\/\/stampcurio.com\/hu\/termek\/1921-nyugat-magyarorszag-i-postatiszta-10-f-es-25-f-_elkelo-magyarok-felulnyomassal\/","title":{"rendered":"1921 Nyugat-Magyarorsz\u00e1g I. &#8211; postatiszta 10 f \u00e9s 25 f &#8221; _elkel\u0151 magyarok&#8221; fel\u00fclnyom\u00e1ssal"},"content":{"rendered":"","protected":false},"excerpt":{"rendered":"","protected":false},"featured_media":16735,"template":"","meta":[],"product_brand":[],"product_cat":[1178,1172],"product_tag":[1664,116,217,1006],"class_list":{"0":"post-15163","1":"product","2":"type-product","3":"status-publish","4":"has-post-thumbnail","6":"product_cat-ausztria","7":"product_cat-magyarorszag","8":"product_tag-2nd-auction-hu","9":"product_tag-belyeg","10":"product_tag-tevnyomat","11":"product_tag-unsold","13":"first","14":"instock","15":"sold-individually","16":"shipping-taxable","17":"product-type-simple"},"_links":{"self":[{"href":"https:\/\/stampcurio.com\/hu\/wp-json\/wp\/v2\/product\/15163","targetHints":{"allow":["GET"]}}],"collection":[{"href":"https:\/\/stampcurio.com\/hu\/wp-json\/wp\/v2\/product"}],"about":[{"href":"https:\/\/stampcurio.com\/hu\/wp-json\/wp\/v2\/types\/product"}],"wp:featuredmedia":[{"embeddable":true,"href":"https:\/\/stampcurio.com\/hu\/wp-json\/wp\/v2\/media\/16735"}],"wp:attachment":[{"href":"https:\/\/stampcurio.com\/hu\/wp-json\/wp\/v2\/media?parent=15163"}],"wp:term":[{"taxonomy":"product_brand","embeddable":true,"href":"https:\/\/stampcurio.com\/hu\/wp-json\/wp\/v2\/product_brand?post=15163"},{"taxonomy":"product_cat","embeddable":true,"href":"https:\/\/stampcurio.com\/hu\/wp-json\/wp\/v2\/product_cat?post=15163"},{"taxonomy":"product_tag","embeddable":true,"href":"https:\/\/stampcurio.com\/hu\/wp-json\/wp\/v2\/product_tag?post=15163"}],"curies":[{"name":"wp","href":"https:\/\/api.w.org\/{rel}","templated":true}]}}