{"id":15161,"date":"2024-11-29T18:29:33","date_gmt":"2024-11-29T17:29:33","guid":{"rendered":"https:\/\/stampcurio.com\/product\/1919-nagyvarad-surgos-felulnyomas-2f-pruf-szegedi-bodor\/"},"modified":"2025-12-05T04:08:07","modified_gmt":"2025-12-05T03:08:07","slug":"1919-nagyvarad-surgos-belyeg-az-elcsuszott-felulnyomas-miatt-bani-felirat-nelkul-pruf-szegedi-bodor","status":"publish","type":"product","link":"https:\/\/stampcurio.com\/hu\/termek\/1919-nagyvarad-surgos-belyeg-az-elcsuszott-felulnyomas-miatt-bani-felirat-nelkul-pruf-szegedi-bodor\/","title":{"rendered":"1919 Nagyv\u00e1rad &#8211; S\u00dcRG\u0150S b\u00e9lyeg az elcs\u00faszott fel\u00fclnyom\u00e1s miatt bani felirat n\u00e9lk\u00fcl | Pr\u00fcf: Szegedi + Bodor"},"content":{"rendered":"","protected":false},"excerpt":{"rendered":"","protected":false},"featured_media":23725,"template":"","meta":[],"product_brand":[],"product_cat":[1172,1208],"product_tag":[1664,116,217],"class_list":{"0":"post-15161","1":"product","2":"type-product","3":"status-publish","4":"has-post-thumbnail","6":"product_cat-magyarorszag","7":"product_cat-romania","8":"product_tag-2nd-auction-hu","9":"product_tag-belyeg","10":"product_tag-tevnyomat","12":"first","13":"instock","14":"sold-individually","15":"shipping-taxable","16":"product-type-simple"},"_links":{"self":[{"href":"https:\/\/stampcurio.com\/hu\/wp-json\/wp\/v2\/product\/15161","targetHints":{"allow":["GET"]}}],"collection":[{"href":"https:\/\/stampcurio.com\/hu\/wp-json\/wp\/v2\/product"}],"about":[{"href":"https:\/\/stampcurio.com\/hu\/wp-json\/wp\/v2\/types\/product"}],"wp:featuredmedia":[{"embeddable":true,"href":"https:\/\/stampcurio.com\/hu\/wp-json\/wp\/v2\/media\/23725"}],"wp:attachment":[{"href":"https:\/\/stampcurio.com\/hu\/wp-json\/wp\/v2\/media?parent=15161"}],"wp:term":[{"taxonomy":"product_brand","embeddable":true,"href":"https:\/\/stampcurio.com\/hu\/wp-json\/wp\/v2\/product_brand?post=15161"},{"taxonomy":"product_cat","embeddable":true,"href":"https:\/\/stampcurio.com\/hu\/wp-json\/wp\/v2\/product_cat?post=15161"},{"taxonomy":"product_tag","embeddable":true,"href":"https:\/\/stampcurio.com\/hu\/wp-json\/wp\/v2\/product_tag?post=15161"}],"curies":[{"name":"wp","href":"https:\/\/api.w.org\/{rel}","templated":true}]}}