{"id":15160,"date":"2024-11-29T18:29:32","date_gmt":"2024-11-29T17:29:32","guid":{"rendered":"https:\/\/stampcurio.com\/product\/kurhaus-1905-1a-tipus-postatiszta\/"},"modified":"2025-12-05T04:08:08","modified_gmt":"2025-12-05T03:08:08","slug":"1860-barbados-korai-belyegei-egy-magyarorszagi-gyujtemenybol-vizjel-es-fogazatra-atnezetlenul-vegyes-minosegben-csak-ertekszam-szerint-sorbarakva","status":"publish","type":"product","link":"https:\/\/stampcurio.com\/hu\/termek\/1860-barbados-korai-belyegei-egy-magyarorszagi-gyujtemenybol-vizjel-es-fogazatra-atnezetlenul-vegyes-minosegben-csak-ertekszam-szerint-sorbarakva\/","title":{"rendered":"1860 Barbados korai b\u00e9lyegei egy magyarorsz\u00e1gi gy\u0171jtem\u00e9nyb\u0151l v\u00edzjel \u00e9s fogazatra \u00e1tn\u00e9zetlen\u00fcl vegyes min\u0151s\u00e9gben csak \u00e9rt\u00e9ksz\u00e1m szerint sorbarakva"},"content":{"rendered":"","protected":false},"excerpt":{"rendered":"","protected":false},"featured_media":20395,"template":"","meta":[],"product_brand":[],"product_cat":[1625,1186],"product_tag":[1664,116,1041,217],"class_list":{"0":"post-15160","1":"product","2":"type-product","3":"status-publish","4":"has-post-thumbnail","6":"product_cat-barbados","7":"product_cat-brit-birodalom","8":"product_tag-2nd-auction-hu","9":"product_tag-belyeg","10":"product_tag-marcophily-hu","11":"product_tag-tevnyomat","13":"first","14":"instock","15":"sold-individually","16":"shipping-taxable","17":"product-type-simple"},"_links":{"self":[{"href":"https:\/\/stampcurio.com\/hu\/wp-json\/wp\/v2\/product\/15160","targetHints":{"allow":["GET"]}}],"collection":[{"href":"https:\/\/stampcurio.com\/hu\/wp-json\/wp\/v2\/product"}],"about":[{"href":"https:\/\/stampcurio.com\/hu\/wp-json\/wp\/v2\/types\/product"}],"wp:featuredmedia":[{"embeddable":true,"href":"https:\/\/stampcurio.com\/hu\/wp-json\/wp\/v2\/media\/20395"}],"wp:attachment":[{"href":"https:\/\/stampcurio.com\/hu\/wp-json\/wp\/v2\/media?parent=15160"}],"wp:term":[{"taxonomy":"product_brand","embeddable":true,"href":"https:\/\/stampcurio.com\/hu\/wp-json\/wp\/v2\/product_brand?post=15160"},{"taxonomy":"product_cat","embeddable":true,"href":"https:\/\/stampcurio.com\/hu\/wp-json\/wp\/v2\/product_cat?post=15160"},{"taxonomy":"product_tag","embeddable":true,"href":"https:\/\/stampcurio.com\/hu\/wp-json\/wp\/v2\/product_tag?post=15160"}],"curies":[{"name":"wp","href":"https:\/\/api.w.org\/{rel}","templated":true}]}}