{"id":15159,"date":"2024-11-29T18:29:30","date_gmt":"2024-11-29T17:29:30","guid":{"rendered":"https:\/\/stampcurio.com\/product\/lichtenstein-1916-sor-ajanlott-valoban-futott-levlapon-budapestre-kuldve-erkeztetve-vaduzbol\/"},"modified":"2025-12-05T04:08:08","modified_gmt":"2025-12-05T03:08:08","slug":"1916-lichtentstein-budapestre-kuldott-valoban-futott-ajanlott-levelezolapon-ii-janos-herceg-teljes-sor","status":"publish","type":"product","link":"https:\/\/stampcurio.com\/hu\/termek\/1916-lichtentstein-budapestre-kuldott-valoban-futott-ajanlott-levelezolapon-ii-janos-herceg-teljes-sor\/","title":{"rendered":"1916 Lichtentstein &#8211; Budapestre k\u00fcld\u00f6tt, val\u00f3ban futott aj\u00e1nlott levelez\u0151lapon, II. J\u00e1nos herceg teljes sor"},"content":{"rendered":"","protected":false},"excerpt":{"rendered":"","protected":false},"featured_media":17242,"template":"","meta":[],"product_brand":[],"product_cat":[1178,1249,1172],"product_tag":[1664,116,233,1344,1041,89,1006],"class_list":{"0":"post-15159","1":"product","2":"type-product","3":"status-publish","4":"has-post-thumbnail","6":"product_cat-ausztria","7":"product_cat-liechtenstein","8":"product_cat-magyarorszag","9":"product_tag-2nd-auction-hu","10":"product_tag-belyeg","11":"product_tag-cenzura","12":"product_tag-levelezolap","13":"product_tag-marcophily-hu","14":"product_tag-postatortenet","15":"product_tag-unsold","17":"first","18":"instock","19":"sold-individually","20":"shipping-taxable","21":"product-type-simple"},"_links":{"self":[{"href":"https:\/\/stampcurio.com\/hu\/wp-json\/wp\/v2\/product\/15159","targetHints":{"allow":["GET"]}}],"collection":[{"href":"https:\/\/stampcurio.com\/hu\/wp-json\/wp\/v2\/product"}],"about":[{"href":"https:\/\/stampcurio.com\/hu\/wp-json\/wp\/v2\/types\/product"}],"wp:featuredmedia":[{"embeddable":true,"href":"https:\/\/stampcurio.com\/hu\/wp-json\/wp\/v2\/media\/17242"}],"wp:attachment":[{"href":"https:\/\/stampcurio.com\/hu\/wp-json\/wp\/v2\/media?parent=15159"}],"wp:term":[{"taxonomy":"product_brand","embeddable":true,"href":"https:\/\/stampcurio.com\/hu\/wp-json\/wp\/v2\/product_brand?post=15159"},{"taxonomy":"product_cat","embeddable":true,"href":"https:\/\/stampcurio.com\/hu\/wp-json\/wp\/v2\/product_cat?post=15159"},{"taxonomy":"product_tag","embeddable":true,"href":"https:\/\/stampcurio.com\/hu\/wp-json\/wp\/v2\/product_tag?post=15159"}],"curies":[{"name":"wp","href":"https:\/\/api.w.org\/{rel}","templated":true}]}}