{"id":15158,"date":"2024-11-29T18:29:29","date_gmt":"2024-11-29T17:29:29","guid":{"rendered":"https:\/\/stampcurio.com\/product\/xxx-amerikaba-kuldott-formulated-application-szt-istvan-110-tombbel-van-bermentve-portozva-terkep-rendkivul-ritka-es-latvanyos-darab\/"},"modified":"2025-12-05T04:08:09","modified_gmt":"2025-12-05T03:08:09","slug":"1936-magyarorszag-amerikaba-kuldott-portozott-nyomtatvany-szent-istvan-101-filler-tombbel-bermentesitve-a-kuldemeny-egy-komplett-budapest-terkep-rendkivul-ritka-hogy-teljesen-megmaradt-egy-ek","status":"publish","type":"product","link":"https:\/\/stampcurio.com\/hu\/termek\/1936-magyarorszag-amerikaba-kuldott-portozott-nyomtatvany-szent-istvan-101-filler-tombbel-bermentesitve-a-kuldemeny-egy-komplett-budapest-terkep-rendkivul-ritka-hogy-teljesen-megmaradt-egy-ek\/","title":{"rendered":"1936 Magyarorsz\u00e1g &#8211; Amerik\u00e1ba k\u00fcld\u00f6tt port\u00f3zott nyomtatv\u00e1ny &#8211; Szent Istv\u00e1n 10*1 fill\u00e9r t\u00f6mbbel b\u00e9rmentes\u00edtve &#8211; a k\u00fcldem\u00e9ny egy komplett Budapest t\u00e9rk\u00e9p &#8211; rendk\u00edv\u00fcl ritka hogy teljesen megmaradt egy ekkora nyomtatv\u00e1ny"},"content":{"rendered":"","protected":false},"excerpt":{"rendered":"<p>A Budapesti Turisztikai Hivatal (korm\u00e1nyzati szervezet) k\u00fcld\u00f6tt vil\u00e1gszerte Magyarorsz\u00e1g f\u0151v\u00e1ros\u00e1nak n\u00e9pszer\u0171s\u00edt\u00e9s\u00e9re. Ezeket nagyon ritk\u00e1n \u0151rizt\u00e9k meg teljes eg\u00e9sz\u00fckben.<\/p>\n","protected":false},"featured_media":23628,"template":"","meta":[],"product_brand":[],"product_cat":[1204,1172],"product_tag":[1664,116,108,89],"class_list":{"0":"post-15158","1":"product","2":"type-product","3":"status-publish","4":"has-post-thumbnail","6":"product_cat-amerikai-egyesult-allamok","7":"product_cat-magyarorszag","8":"product_tag-2nd-auction-hu","9":"product_tag-belyeg","10":"product_tag-porto","11":"product_tag-postatortenet","13":"first","14":"instock","15":"sold-individually","16":"shipping-taxable","17":"product-type-simple"},"_links":{"self":[{"href":"https:\/\/stampcurio.com\/hu\/wp-json\/wp\/v2\/product\/15158","targetHints":{"allow":["GET"]}}],"collection":[{"href":"https:\/\/stampcurio.com\/hu\/wp-json\/wp\/v2\/product"}],"about":[{"href":"https:\/\/stampcurio.com\/hu\/wp-json\/wp\/v2\/types\/product"}],"wp:featuredmedia":[{"embeddable":true,"href":"https:\/\/stampcurio.com\/hu\/wp-json\/wp\/v2\/media\/23628"}],"wp:attachment":[{"href":"https:\/\/stampcurio.com\/hu\/wp-json\/wp\/v2\/media?parent=15158"}],"wp:term":[{"taxonomy":"product_brand","embeddable":true,"href":"https:\/\/stampcurio.com\/hu\/wp-json\/wp\/v2\/product_brand?post=15158"},{"taxonomy":"product_cat","embeddable":true,"href":"https:\/\/stampcurio.com\/hu\/wp-json\/wp\/v2\/product_cat?post=15158"},{"taxonomy":"product_tag","embeddable":true,"href":"https:\/\/stampcurio.com\/hu\/wp-json\/wp\/v2\/product_tag?post=15158"}],"curies":[{"name":"wp","href":"https:\/\/api.w.org\/{rel}","templated":true}]}}