{"id":15157,"date":"2024-11-29T18:29:29","date_gmt":"2024-11-29T17:29:29","guid":{"rendered":"https:\/\/stampcurio.com\/product\/xxx-magura-ii-nlgy-filler-reketto-feladassal-szekelyudvarhelyre-cimzett-kivakarva-majd-ceruzaval-visszairva\/"},"modified":"2025-12-05T04:08:09","modified_gmt":"2025-12-05T03:08:09","slug":"1911-magyarorszag-reketo-szekelyudvarhelyre-cimzett-level-magura-ii-4-filleres-belyeggel-kiegeszitve-a-cimzett-kivakarva-majd-ceruzaval-visszairva","status":"publish","type":"product","link":"https:\/\/stampcurio.com\/hu\/termek\/1911-magyarorszag-reketo-szekelyudvarhelyre-cimzett-level-magura-ii-4-filleres-belyeggel-kiegeszitve-a-cimzett-kivakarva-majd-ceruzaval-visszairva\/","title":{"rendered":"1911 Magyarorsz\u00e1g &#8211; Reket\u00f3 Sz\u00e9kelyudvarhelyre c\u00edmzett lev\u00e9l Magura II. 4 fill\u00e9res b\u00e9lyeggel kieg\u00e9sz\u00edtve &#8211; a c\u00edmzett kivakarva, majd ceruz\u00e1val vissza\u00edrva"},"content":{"rendered":"","protected":false},"excerpt":{"rendered":"","protected":false},"featured_media":15955,"template":"","meta":[],"product_brand":[],"product_cat":[1172,1208],"product_tag":[1664,116,175,1041,176,89,1006],"class_list":{"0":"post-15157","1":"product","2":"type-product","3":"status-publish","4":"has-post-thumbnail","6":"product_cat-magyarorszag","7":"product_cat-romania","8":"product_tag-2nd-auction-hu","9":"product_tag-belyeg","10":"product_tag-hotelposta","11":"product_tag-marcophily-hu","12":"product_tag-philagem","13":"product_tag-postatortenet","14":"product_tag-unsold","16":"first","17":"instock","18":"sold-individually","19":"shipping-taxable","20":"product-type-simple"},"_links":{"self":[{"href":"https:\/\/stampcurio.com\/hu\/wp-json\/wp\/v2\/product\/15157","targetHints":{"allow":["GET"]}}],"collection":[{"href":"https:\/\/stampcurio.com\/hu\/wp-json\/wp\/v2\/product"}],"about":[{"href":"https:\/\/stampcurio.com\/hu\/wp-json\/wp\/v2\/types\/product"}],"wp:featuredmedia":[{"embeddable":true,"href":"https:\/\/stampcurio.com\/hu\/wp-json\/wp\/v2\/media\/15955"}],"wp:attachment":[{"href":"https:\/\/stampcurio.com\/hu\/wp-json\/wp\/v2\/media?parent=15157"}],"wp:term":[{"taxonomy":"product_brand","embeddable":true,"href":"https:\/\/stampcurio.com\/hu\/wp-json\/wp\/v2\/product_brand?post=15157"},{"taxonomy":"product_cat","embeddable":true,"href":"https:\/\/stampcurio.com\/hu\/wp-json\/wp\/v2\/product_cat?post=15157"},{"taxonomy":"product_tag","embeddable":true,"href":"https:\/\/stampcurio.com\/hu\/wp-json\/wp\/v2\/product_tag?post=15157"}],"curies":[{"name":"wp","href":"https:\/\/api.w.org\/{rel}","templated":true}]}}