{"id":15156,"date":"2024-11-29T18:29:29","date_gmt":"2024-11-29T17:29:29","guid":{"rendered":"https:\/\/stampcurio.com\/product\/1903-kevlk-madaraszgyula-levelezes-orban-attest-4-fillees-magura-1-belyeggel\/"},"modified":"2025-12-05T04:08:09","modified_gmt":"2025-12-05T03:08:09","slug":"1903-magyarorszag-josikateleprol-budapestre-kuldott-level-madarasz-gyula-reszere-cimezve-4-filleres-magura-i-belyeggel-attest-orban-ferenc","status":"publish","type":"product","link":"https:\/\/stampcurio.com\/hu\/termek\/1903-magyarorszag-josikateleprol-budapestre-kuldott-level-madarasz-gyula-reszere-cimezve-4-filleres-magura-i-belyeggel-attest-orban-ferenc\/","title":{"rendered":"1903 Magyarorsz\u00e1g &#8211; J\u00f3sikatelepr\u0151l Budapestre k\u00fcld\u00f6tt lev\u00e9l Madar\u00e1sz Gyula r\u00e9sz\u00e9re c\u00edmezve, 4 fill\u00e9res MAGURA I. b\u00e9lyeggel | Attest: Orb\u00e1n Ferenc"},"content":{"rendered":"","protected":false},"excerpt":{"rendered":"","protected":false},"featured_media":17259,"template":"","meta":[],"product_brand":[],"product_cat":[1172,1208],"product_tag":[1664,116,175,176,89,1006],"class_list":{"0":"post-15156","1":"product","2":"type-product","3":"status-publish","4":"has-post-thumbnail","6":"product_cat-magyarorszag","7":"product_cat-romania","8":"product_tag-2nd-auction-hu","9":"product_tag-belyeg","10":"product_tag-hotelposta","11":"product_tag-philagem","12":"product_tag-postatortenet","13":"product_tag-unsold","15":"first","16":"instock","17":"sold-individually","18":"shipping-taxable","19":"product-type-simple"},"_links":{"self":[{"href":"https:\/\/stampcurio.com\/hu\/wp-json\/wp\/v2\/product\/15156","targetHints":{"allow":["GET"]}}],"collection":[{"href":"https:\/\/stampcurio.com\/hu\/wp-json\/wp\/v2\/product"}],"about":[{"href":"https:\/\/stampcurio.com\/hu\/wp-json\/wp\/v2\/types\/product"}],"wp:featuredmedia":[{"embeddable":true,"href":"https:\/\/stampcurio.com\/hu\/wp-json\/wp\/v2\/media\/17259"}],"wp:attachment":[{"href":"https:\/\/stampcurio.com\/hu\/wp-json\/wp\/v2\/media?parent=15156"}],"wp:term":[{"taxonomy":"product_brand","embeddable":true,"href":"https:\/\/stampcurio.com\/hu\/wp-json\/wp\/v2\/product_brand?post=15156"},{"taxonomy":"product_cat","embeddable":true,"href":"https:\/\/stampcurio.com\/hu\/wp-json\/wp\/v2\/product_cat?post=15156"},{"taxonomy":"product_tag","embeddable":true,"href":"https:\/\/stampcurio.com\/hu\/wp-json\/wp\/v2\/product_tag?post=15156"}],"curies":[{"name":"wp","href":"https:\/\/api.w.org\/{rel}","templated":true}]}}