{"id":15155,"date":"2024-11-29T18:29:28","date_gmt":"2024-11-29T17:29:28","guid":{"rendered":"https:\/\/stampcurio.com\/product\/magura-i-2-filler-josikatelep-feladassal-orban-f-attest-szign-orban-ferenc-1903\/"},"modified":"2025-12-05T04:08:10","modified_gmt":"2025-12-05T03:08:10","slug":"1903-magura-josikatelepen-feladott-levelezolap-madarasz-gyulanak-nograd-verocere-cimezve-magura-i-2-filleres-belyeggel-kiegeszitve-attest-es-pruf-orban-ferenc","status":"publish","type":"product","link":"https:\/\/stampcurio.com\/hu\/termek\/1903-magura-josikatelepen-feladott-levelezolap-madarasz-gyulanak-nograd-verocere-cimezve-magura-i-2-filleres-belyeggel-kiegeszitve-attest-es-pruf-orban-ferenc\/","title":{"rendered":"1903 Magura &#8211; J\u00f3sikatelepen feladott levelez\u0151lap Madar\u00e1sz Gyul\u00e1nak N\u00f3gr\u00e1d-Ver\u0151c\u00e9re c\u00edmezve Magura I. 2 fill\u00e9res b\u00e9lyeggel kieg\u00e9sz\u00edtve | Attest \u00e9s pr\u00fcf: Orb\u00e1n Ferenc"},"content":{"rendered":"","protected":false},"excerpt":{"rendered":"","protected":false},"featured_media":17247,"template":"","meta":[],"product_brand":[],"product_cat":[1172,1208],"product_tag":[1664,116,175,97,176,89],"class_list":{"0":"post-15155","1":"product","2":"type-product","3":"status-publish","4":"has-post-thumbnail","6":"product_cat-magyarorszag","7":"product_cat-romania","8":"product_tag-2nd-auction-hu","9":"product_tag-belyeg","10":"product_tag-hotelposta","11":"product_tag-kepeslap","12":"product_tag-philagem","13":"product_tag-postatortenet","15":"first","16":"instock","17":"sold-individually","18":"shipping-taxable","19":"product-type-simple"},"_links":{"self":[{"href":"https:\/\/stampcurio.com\/hu\/wp-json\/wp\/v2\/product\/15155","targetHints":{"allow":["GET"]}}],"collection":[{"href":"https:\/\/stampcurio.com\/hu\/wp-json\/wp\/v2\/product"}],"about":[{"href":"https:\/\/stampcurio.com\/hu\/wp-json\/wp\/v2\/types\/product"}],"wp:featuredmedia":[{"embeddable":true,"href":"https:\/\/stampcurio.com\/hu\/wp-json\/wp\/v2\/media\/17247"}],"wp:attachment":[{"href":"https:\/\/stampcurio.com\/hu\/wp-json\/wp\/v2\/media?parent=15155"}],"wp:term":[{"taxonomy":"product_brand","embeddable":true,"href":"https:\/\/stampcurio.com\/hu\/wp-json\/wp\/v2\/product_brand?post=15155"},{"taxonomy":"product_cat","embeddable":true,"href":"https:\/\/stampcurio.com\/hu\/wp-json\/wp\/v2\/product_cat?post=15155"},{"taxonomy":"product_tag","embeddable":true,"href":"https:\/\/stampcurio.com\/hu\/wp-json\/wp\/v2\/product_tag?post=15155"}],"curies":[{"name":"wp","href":"https:\/\/api.w.org\/{rel}","templated":true}]}}