{"id":15154,"date":"2024-11-29T18:29:28","date_gmt":"2024-11-29T17:29:28","guid":{"rendered":"https:\/\/stampcurio.com\/product\/magura-ii-1911-ket-filler-hibtlan-allapotban\/"},"modified":"2025-12-05T04:08:10","modified_gmt":"2025-12-05T03:08:10","slug":"1911-magura-hotelposta-dijjegyes-levelezolap-magura-ii-2-filler-hibatlan-allapotban-reketo-lila-postaugynokseg-belyegzessel","status":"publish","type":"product","link":"https:\/\/stampcurio.com\/hu\/termek\/1911-magura-hotelposta-dijjegyes-levelezolap-magura-ii-2-filler-hibatlan-allapotban-reketo-lila-postaugynokseg-belyegzessel\/","title":{"rendered":"1911 Magura hotelposta &#8211; d\u00edjjegyes levelez\u0151lap Magura II. 2 fill\u00e9r hib\u00e1tlan \u00e1llapotban REKET\u00d3 lila posta\u00fcgyn\u00f6ks\u00e9g b\u00e9lyegz\u00e9ssel"},"content":{"rendered":"","protected":false},"excerpt":{"rendered":"","protected":false},"featured_media":15939,"template":"","meta":[],"product_brand":[],"product_cat":[1172,1208],"product_tag":[1664,116,74,175,1041,176,89],"class_list":{"0":"post-15154","1":"product","2":"type-product","3":"status-publish","4":"has-post-thumbnail","6":"product_cat-magyarorszag","7":"product_cat-romania","8":"product_tag-2nd-auction-hu","9":"product_tag-belyeg","10":"product_tag-dijjegyes","11":"product_tag-hotelposta","12":"product_tag-marcophily-hu","13":"product_tag-philagem","14":"product_tag-postatortenet","16":"first","17":"instock","18":"sold-individually","19":"shipping-taxable","20":"product-type-simple"},"_links":{"self":[{"href":"https:\/\/stampcurio.com\/hu\/wp-json\/wp\/v2\/product\/15154","targetHints":{"allow":["GET"]}}],"collection":[{"href":"https:\/\/stampcurio.com\/hu\/wp-json\/wp\/v2\/product"}],"about":[{"href":"https:\/\/stampcurio.com\/hu\/wp-json\/wp\/v2\/types\/product"}],"wp:featuredmedia":[{"embeddable":true,"href":"https:\/\/stampcurio.com\/hu\/wp-json\/wp\/v2\/media\/15939"}],"wp:attachment":[{"href":"https:\/\/stampcurio.com\/hu\/wp-json\/wp\/v2\/media?parent=15154"}],"wp:term":[{"taxonomy":"product_brand","embeddable":true,"href":"https:\/\/stampcurio.com\/hu\/wp-json\/wp\/v2\/product_brand?post=15154"},{"taxonomy":"product_cat","embeddable":true,"href":"https:\/\/stampcurio.com\/hu\/wp-json\/wp\/v2\/product_cat?post=15154"},{"taxonomy":"product_tag","embeddable":true,"href":"https:\/\/stampcurio.com\/hu\/wp-json\/wp\/v2\/product_tag?post=15154"}],"curies":[{"name":"wp","href":"https:\/\/api.w.org\/{rel}","templated":true}]}}