{"id":15153,"date":"2024-11-29T18:29:28","date_gmt":"2024-11-29T17:29:28","guid":{"rendered":"https:\/\/stampcurio.com\/product\/xxx-nagyszeben-bisztra-levelezolap-bisztra-belyeggel-lila-johan-rilki-belyegzessel\/"},"modified":"2025-12-05T04:08:10","modified_gmt":"2025-12-05T03:08:10","slug":"1911-bisztra-hotelposta-szaszsebes-levelezolap-bistra-hotelposta-belyeggel-kiegeszitve-lila-johann-rilki-belyegzessel","status":"publish","type":"product","link":"https:\/\/stampcurio.com\/hu\/termek\/1911-bisztra-hotelposta-szaszsebes-levelezolap-bistra-hotelposta-belyeggel-kiegeszitve-lila-johann-rilki-belyegzessel\/","title":{"rendered":"1911 Bisztra hotelposta &#8211; Sz\u00e1szsebes levelez\u0151lap BISTRA hotelposta b\u00e9lyeggel kieg\u00e9sz\u00edtve, lila Johann Rilki b\u00e9lyegz\u00e9ssel"},"content":{"rendered":"","protected":false},"excerpt":{"rendered":"","protected":false},"featured_media":15907,"template":"","meta":[],"product_brand":[],"product_cat":[1172,1208],"product_tag":[1664,116,175,97,1041,176,89],"class_list":{"0":"post-15153","1":"product","2":"type-product","3":"status-publish","4":"has-post-thumbnail","6":"product_cat-magyarorszag","7":"product_cat-romania","8":"product_tag-2nd-auction-hu","9":"product_tag-belyeg","10":"product_tag-hotelposta","11":"product_tag-kepeslap","12":"product_tag-marcophily-hu","13":"product_tag-philagem","14":"product_tag-postatortenet","16":"first","17":"instock","18":"sold-individually","19":"shipping-taxable","20":"product-type-simple"},"_links":{"self":[{"href":"https:\/\/stampcurio.com\/hu\/wp-json\/wp\/v2\/product\/15153","targetHints":{"allow":["GET"]}}],"collection":[{"href":"https:\/\/stampcurio.com\/hu\/wp-json\/wp\/v2\/product"}],"about":[{"href":"https:\/\/stampcurio.com\/hu\/wp-json\/wp\/v2\/types\/product"}],"wp:featuredmedia":[{"embeddable":true,"href":"https:\/\/stampcurio.com\/hu\/wp-json\/wp\/v2\/media\/15907"}],"wp:attachment":[{"href":"https:\/\/stampcurio.com\/hu\/wp-json\/wp\/v2\/media?parent=15153"}],"wp:term":[{"taxonomy":"product_brand","embeddable":true,"href":"https:\/\/stampcurio.com\/hu\/wp-json\/wp\/v2\/product_brand?post=15153"},{"taxonomy":"product_cat","embeddable":true,"href":"https:\/\/stampcurio.com\/hu\/wp-json\/wp\/v2\/product_cat?post=15153"},{"taxonomy":"product_tag","embeddable":true,"href":"https:\/\/stampcurio.com\/hu\/wp-json\/wp\/v2\/product_tag?post=15153"}],"curies":[{"name":"wp","href":"https:\/\/api.w.org\/{rel}","templated":true}]}}